{"id":514537,"date":"2025-07-24T22:40:43","date_gmt":"2025-07-24T20:40:43","guid":{"rendered":"https:\/\/lucacastelli.com\/prodotto\/pfanner-canvas-shorts-vert-bouteille-noir\/"},"modified":"2026-04-16T01:00:45","modified_gmt":"2026-04-15T23:00:45","slug":"pfanner-canvas-shorts-vert-bouteille-noir","status":"publish","type":"product","link":"https:\/\/lucacastelli.com\/fr\/produit\/pfanner-canvas-shorts-vert-bouteille-noir\/","title":{"rendered":"Shorts PFANNER Canvas vert bouteille-noir"},"content":{"rendered":"<p>Les shorts StretchZone\u00ae Canvas sont parfaits pour les journ\u00e9es chaudes et pour l\u2019usage quotidien au travail. La technologie StretchZone\u00ae garantit une tenue optimale et une respirabilit\u00e9 maximale durant toutes les activit\u00e9s. Le positionnement \u00e9tudi\u00e9 des poches pour l\u2019usage quotidien, incluant une poche triple sp\u00e9ciale pour m\u00e8tre pliant, offre de l\u2019espace pour tous les outils. Les shorts StretchZone\u00ae Canvas sont \u00e9galement disponibles en version pantalon long.<br \/>\n-Technologie StretchZone\u00ae<br \/>\n-Libert\u00e9 de mouvement maximale<br \/>\n-Poche triple pour m\u00e8tre ruban<br \/>\n-Gousset ind\u00e9chirable<br \/>\n-Int\u00e9rieur en flanelle<br \/>\n-Bandes r\u00e9fl\u00e9chissantes<br \/>\n-Ceinture \u00e9lastique continue   <\/p>\n<p>Mat\u00e9riau :<br \/>\nCanvas : 65 % PES, 35 % coton<br \/>\nTissu extensible : 90 % polyamide, 10 % \u00e9lasthanne<\/p>\n","protected":false},"excerpt":{"rendered":"<p>Les shorts StretchZone\u00ae Canvas sont parfaits pour les journ\u00e9es chaudes et pour l\u2019usage quotidien au travail. La technologie StretchZone\u00ae garantit<\/p>\n","protected":false},"featured_media":511998,"template":"","meta":{"_seopress_robots_primary_cat":"none","_seopress_titles_title":"","_seopress_titles_desc":"","_seopress_robots_index":""},"product_brand":[3669],"product_cat":[81,1381],"product_tag":[],"class_list":{"0":"post-514537","1":"product","2":"type-product","3":"status-publish","4":"has-post-thumbnail","6":"product_brand-pfanner-fr","7":"product_cat-vetements","8":"product_cat-vetements-de-travail","9":"sws-gruppo-no-gruppo-fr","10":"sws-conto-ricavi-merci-rivendita-abbigliamento-fr","11":"sws-gruppo-iva-iva81-fr","13":"first","14":"instock","15":"shipping-taxable","16":"purchasable","17":"product-type-variable","18":"has-default-attributes"},"_links":{"self":[{"href":"https:\/\/lucacastelli.com\/fr\/wp-json\/wp\/v2\/product\/514537","targetHints":{"allow":["GET"]}}],"collection":[{"href":"https:\/\/lucacastelli.com\/fr\/wp-json\/wp\/v2\/product"}],"about":[{"href":"https:\/\/lucacastelli.com\/fr\/wp-json\/wp\/v2\/types\/product"}],"wp:featuredmedia":[{"embeddable":true,"href":"https:\/\/lucacastelli.com\/fr\/wp-json\/wp\/v2\/media\/511998"}],"wp:attachment":[{"href":"https:\/\/lucacastelli.com\/fr\/wp-json\/wp\/v2\/media?parent=514537"}],"wp:term":[{"taxonomy":"product_brand","embeddable":true,"href":"https:\/\/lucacastelli.com\/fr\/wp-json\/wp\/v2\/product_brand?post=514537"},{"taxonomy":"product_cat","embeddable":true,"href":"https:\/\/lucacastelli.com\/fr\/wp-json\/wp\/v2\/product_cat?post=514537"},{"taxonomy":"product_tag","embeddable":true,"href":"https:\/\/lucacastelli.com\/fr\/wp-json\/wp\/v2\/product_tag?post=514537"}],"curies":[{"name":"wp","href":"https:\/\/api.w.org\/{rel}","templated":true}]}}