{"id":514513,"date":"2025-07-22T09:34:08","date_gmt":"2025-07-22T07:34:08","guid":{"rendered":"https:\/\/lucacastelli.com\/prodotto\/stihl-dynamic-mag-t-shirt-fonctionnel-cool\/"},"modified":"2025-07-22T09:34:08","modified_gmt":"2025-07-22T07:34:08","slug":"stihl-dynamic-mag-t-shirt-fonctionnel-cool","status":"publish","type":"product","link":"https:\/\/lucacastelli.com\/fr\/produit\/stihl-dynamic-mag-t-shirt-fonctionnel-cool\/","title":{"rendered":"STIHL DYNAMIC Mag T-shirt fonctionnel cool"},"content":{"rendered":"<p>Avec les graphiques MS 661 C-M. Hautement fonctionnelle, la mati\u00e8re \u00e9vacue l&#8217;humidit\u00e9 du corps, elle est respirante, inodore et s\u00e8che rapidement. <\/p>\n","protected":false},"excerpt":{"rendered":"<p>Avec les graphiques MS 661 C-M. Hautement fonctionnelle, la mati\u00e8re \u00e9vacue l&#8217;humidit\u00e9 du corps, elle est respirante, inodore et s\u00e8che<\/p>\n","protected":false},"featured_media":514170,"template":"","meta":{"_seopress_robots_primary_cat":"none","_seopress_titles_title":"","_seopress_titles_desc":"","_seopress_robots_index":""},"product_brand":[3555],"product_cat":[81,981,982],"product_tag":[3267],"class_list":{"0":"post-514513","1":"product","2":"type-product","3":"status-publish","4":"has-post-thumbnail","6":"product_brand-stihl-fr","7":"product_cat-vetements","8":"product_cat-vetements-de-loisirs","9":"product_cat-vetements-pour-hommes","10":"product_tag-import-stihl-fr","11":"sws-conto-ricavi-merci-rivendita-abbigliamento-fr","12":"sws-gruppo-iva-iva81-fr","14":"first","15":"instock","16":"shipping-taxable","17":"purchasable","18":"product-type-variable"},"_links":{"self":[{"href":"https:\/\/lucacastelli.com\/fr\/wp-json\/wp\/v2\/product\/514513","targetHints":{"allow":["GET"]}}],"collection":[{"href":"https:\/\/lucacastelli.com\/fr\/wp-json\/wp\/v2\/product"}],"about":[{"href":"https:\/\/lucacastelli.com\/fr\/wp-json\/wp\/v2\/types\/product"}],"wp:featuredmedia":[{"embeddable":true,"href":"https:\/\/lucacastelli.com\/fr\/wp-json\/wp\/v2\/media\/514170"}],"wp:attachment":[{"href":"https:\/\/lucacastelli.com\/fr\/wp-json\/wp\/v2\/media?parent=514513"}],"wp:term":[{"taxonomy":"product_brand","embeddable":true,"href":"https:\/\/lucacastelli.com\/fr\/wp-json\/wp\/v2\/product_brand?post=514513"},{"taxonomy":"product_cat","embeddable":true,"href":"https:\/\/lucacastelli.com\/fr\/wp-json\/wp\/v2\/product_cat?post=514513"},{"taxonomy":"product_tag","embeddable":true,"href":"https:\/\/lucacastelli.com\/fr\/wp-json\/wp\/v2\/product_tag?post=514513"}],"curies":[{"name":"wp","href":"https:\/\/api.w.org\/{rel}","templated":true}]}}