{"id":514444,"date":"2025-07-20T10:19:45","date_gmt":"2025-07-20T08:19:45","guid":{"rendered":"https:\/\/lucacastelli.com\/prodotto\/pantalon-stihl-advance-x-light\/"},"modified":"2025-07-20T10:19:45","modified_gmt":"2025-07-20T08:19:45","slug":"pantalon-stihl-advance-x-light","status":"publish","type":"product","link":"https:\/\/lucacastelli.com\/fr\/produit\/pantalon-stihl-advance-x-light\/","title":{"rendered":"Pantalon STIHL, ADVANCE X-Light"},"content":{"rendered":"<p>Fabriqu\u00e9 exclusivement pour STIHL en mat\u00e9riau anti-coupure AVERTIC pro lite ultra-l\u00e9ger et extr\u00eamement respirant (EN 381). Ce mat\u00e9riau \u00e0 six couches est 20 % plus l\u00e9ger que celui utilis\u00e9 pour les v\u00eatements ADVANCE. Couleur noire, tissu respirant \u00e0 l&#8217;arri\u00e8re de la jambe, particuli\u00e8rement adapt\u00e9 aux journ\u00e9es chaudes, entrejambe enti\u00e8rement \u00e9lastique avec ProElast, poches ferm\u00e9es, salopette \u00e0 fermeture \u00e9clair pour faciliter l&#8217;habillage et le d\u00e9shabillage, \u00e9l\u00e9ments r\u00e9fl\u00e9chissants pour une s\u00e9curit\u00e9 accrue. Avec certification de valeur d&#8217;usage KWF.   <\/p>\n<p>&nbsp;<\/p>\n","protected":false},"excerpt":{"rendered":"<p>Fabriqu\u00e9 exclusivement pour STIHL en mat\u00e9riau anti-coupure AVERTIC pro lite ultra-l\u00e9ger et extr\u00eamement respirant (EN 381). Ce mat\u00e9riau \u00e0 six<\/p>\n","protected":false},"featured_media":453779,"template":"","meta":{"_seopress_robots_primary_cat":"none","_seopress_titles_title":"","_seopress_titles_desc":"","_seopress_robots_index":""},"product_brand":[3555],"product_cat":[81,1381],"product_tag":[3267],"class_list":{"0":"post-514444","1":"product","2":"type-product","3":"status-publish","4":"has-post-thumbnail","6":"product_brand-stihl-fr","7":"product_cat-vetements","8":"product_cat-vetements-de-travail","9":"product_tag-import-stihl-fr","10":"sws-conto-ricavi-merci-rivendita-abbigliamento-fr","11":"sws-gruppo-iva-iva81-fr","13":"first","14":"instock","15":"sale","16":"shipping-taxable","17":"purchasable","18":"product-type-variable"},"_links":{"self":[{"href":"https:\/\/lucacastelli.com\/fr\/wp-json\/wp\/v2\/product\/514444","targetHints":{"allow":["GET"]}}],"collection":[{"href":"https:\/\/lucacastelli.com\/fr\/wp-json\/wp\/v2\/product"}],"about":[{"href":"https:\/\/lucacastelli.com\/fr\/wp-json\/wp\/v2\/types\/product"}],"wp:featuredmedia":[{"embeddable":true,"href":"https:\/\/lucacastelli.com\/fr\/wp-json\/wp\/v2\/media\/453779"}],"wp:attachment":[{"href":"https:\/\/lucacastelli.com\/fr\/wp-json\/wp\/v2\/media?parent=514444"}],"wp:term":[{"taxonomy":"product_brand","embeddable":true,"href":"https:\/\/lucacastelli.com\/fr\/wp-json\/wp\/v2\/product_brand?post=514444"},{"taxonomy":"product_cat","embeddable":true,"href":"https:\/\/lucacastelli.com\/fr\/wp-json\/wp\/v2\/product_cat?post=514444"},{"taxonomy":"product_tag","embeddable":true,"href":"https:\/\/lucacastelli.com\/fr\/wp-json\/wp\/v2\/product_tag?post=514444"}],"curies":[{"name":"wp","href":"https:\/\/api.w.org\/{rel}","templated":true}]}}