{"id":514056,"date":"2025-06-05T03:36:54","date_gmt":"2025-06-05T01:36:54","guid":{"rendered":"https:\/\/lucacastelli.com\/prodotto\/veste-advance-x-vent-de-stihl\/"},"modified":"2025-06-05T03:36:54","modified_gmt":"2025-06-05T01:36:54","slug":"veste-advance-x-vent-de-stihl","status":"publish","type":"product","link":"https:\/\/lucacastelli.com\/fr\/produit\/veste-advance-x-vent-de-stihl\/","title":{"rendered":"Veste ADVANCE X-VENT de STIHL"},"content":{"rendered":"<p>Veste l\u00e9g\u00e8re et tr\u00e8s respirante pour le travail en for\u00eat, particuli\u00e8rement adapt\u00e9e aux temp\u00e9ratures estivales ou \u00e0 une activit\u00e9 physique intense. Orange vif et noir, doublure en maille argent\u00e9e dans le dos, sous les bras et dans les poches pour une ventilation optimale, hydrofuge et antisalissure, grande proportion d&#8217;orange vif, d\u00e9tails r\u00e9fl\u00e9chissants, deux poches de poitrine et une poche dans le dos, sur les manches et \u00e0 l&#8217;int\u00e9rieur, protection contre l&#8217;usure sur les \u00e9paules, grand logo STIHL dans le dos. Avec certification de valeur d&#8217;usage KWF.  <\/p>\n<p>&nbsp;<\/p>\n","protected":false},"excerpt":{"rendered":"<p>Veste l\u00e9g\u00e8re et tr\u00e8s respirante pour le travail en for\u00eat, particuli\u00e8rement adapt\u00e9e aux temp\u00e9ratures estivales ou \u00e0 une activit\u00e9 physique<\/p>\n","protected":false},"featured_media":513943,"template":"","meta":{"_seopress_robots_primary_cat":"none","_seopress_titles_title":"","_seopress_titles_desc":"","_seopress_robots_index":""},"product_brand":[3555],"product_cat":[81,1381],"product_tag":[3267],"class_list":{"0":"post-514056","1":"product","2":"type-product","3":"status-publish","4":"has-post-thumbnail","6":"product_brand-stihl-fr","7":"product_cat-vetements","8":"product_cat-vetements-de-travail","9":"product_tag-import-stihl-fr","10":"sws-conto-ricavi-merci-rivendita-abbigliamento-fr","11":"sws-gruppo-iva-iva81-fr","13":"first","14":"instock","15":"sale","16":"shipping-taxable","17":"purchasable","18":"product-type-variable"},"_links":{"self":[{"href":"https:\/\/lucacastelli.com\/fr\/wp-json\/wp\/v2\/product\/514056","targetHints":{"allow":["GET"]}}],"collection":[{"href":"https:\/\/lucacastelli.com\/fr\/wp-json\/wp\/v2\/product"}],"about":[{"href":"https:\/\/lucacastelli.com\/fr\/wp-json\/wp\/v2\/types\/product"}],"wp:featuredmedia":[{"embeddable":true,"href":"https:\/\/lucacastelli.com\/fr\/wp-json\/wp\/v2\/media\/513943"}],"wp:attachment":[{"href":"https:\/\/lucacastelli.com\/fr\/wp-json\/wp\/v2\/media?parent=514056"}],"wp:term":[{"taxonomy":"product_brand","embeddable":true,"href":"https:\/\/lucacastelli.com\/fr\/wp-json\/wp\/v2\/product_brand?post=514056"},{"taxonomy":"product_cat","embeddable":true,"href":"https:\/\/lucacastelli.com\/fr\/wp-json\/wp\/v2\/product_cat?post=514056"},{"taxonomy":"product_tag","embeddable":true,"href":"https:\/\/lucacastelli.com\/fr\/wp-json\/wp\/v2\/product_tag?post=514056"}],"curies":[{"name":"wp","href":"https:\/\/api.w.org\/{rel}","templated":true}]}}