{"id":514046,"date":"2025-06-04T03:20:57","date_gmt":"2025-06-04T01:20:57","guid":{"rendered":"https:\/\/lucacastelli.com\/prodotto\/gants-de-travail-professionnels-stihl-advance-ergo-ms\/"},"modified":"2025-06-04T03:20:57","modified_gmt":"2025-06-04T01:20:57","slug":"gants-de-travail-professionnels-stihl-advance-ergo-ms","status":"publish","type":"product","link":"https:\/\/lucacastelli.com\/fr\/produit\/gants-de-travail-professionnels-stihl-advance-ergo-ms\/","title":{"rendered":"Gants de travail professionnels STIHL, ADVANCE Ergo MS"},"content":{"rendered":"<p>Gants de travail professionnels sans protection contre les coupures. \u00c9quip\u00e9s de bandes r\u00e9fl\u00e9chissantes, de surfaces int\u00e9rieures avec \u00e9l\u00e9ments d&#8217;absorption des chocs et d&#8217;une fermeture velcro. <\/p>\n<p>&nbsp;<\/p>\n","protected":false},"excerpt":{"rendered":"<p>Gants de travail professionnels sans protection contre les coupures. \u00c9quip\u00e9s de bandes r\u00e9fl\u00e9chissantes, de surfaces int\u00e9rieures avec \u00e9l\u00e9ments d&#8217;absorption des<\/p>\n","protected":false},"featured_media":424264,"template":"","meta":{"_seopress_robots_primary_cat":"none","_seopress_titles_title":"","_seopress_titles_desc":"","_seopress_robots_index":""},"product_brand":[3366],"product_cat":[21,284],"product_tag":[3265],"class_list":{"0":"post-514046","1":"product","2":"type-product","3":"status-publish","4":"has-post-thumbnail","6":"product_brand-stihl","7":"product_cat-abbigliamento","8":"product_cat-abbigliamento-da-lavoro","9":"product_tag-import-stihl","10":"sws-conto-ricavi-merci-rivendita-abbigliamento-fr","11":"sws-gruppo-iva-iva81-fr","13":"first","14":"instock","15":"shipping-taxable","16":"purchasable","17":"product-type-variable"},"_links":{"self":[{"href":"https:\/\/lucacastelli.com\/fr\/wp-json\/wp\/v2\/product\/514046","targetHints":{"allow":["GET"]}}],"collection":[{"href":"https:\/\/lucacastelli.com\/fr\/wp-json\/wp\/v2\/product"}],"about":[{"href":"https:\/\/lucacastelli.com\/fr\/wp-json\/wp\/v2\/types\/product"}],"wp:featuredmedia":[{"embeddable":true,"href":"https:\/\/lucacastelli.com\/fr\/wp-json\/wp\/v2\/media\/424264"}],"wp:attachment":[{"href":"https:\/\/lucacastelli.com\/fr\/wp-json\/wp\/v2\/media?parent=514046"}],"wp:term":[{"taxonomy":"product_brand","embeddable":true,"href":"https:\/\/lucacastelli.com\/fr\/wp-json\/wp\/v2\/product_brand?post=514046"},{"taxonomy":"product_cat","embeddable":true,"href":"https:\/\/lucacastelli.com\/fr\/wp-json\/wp\/v2\/product_cat?post=514046"},{"taxonomy":"product_tag","embeddable":true,"href":"https:\/\/lucacastelli.com\/fr\/wp-json\/wp\/v2\/product_tag?post=514046"}],"curies":[{"name":"wp","href":"https:\/\/api.w.org\/{rel}","templated":true}]}}