{"id":514036,"date":"2025-06-04T02:06:19","date_gmt":"2025-06-04T00:06:19","guid":{"rendered":"https:\/\/lucacastelli.com\/prodotto\/stihl-dynamic-sensolight\/"},"modified":"2025-06-04T02:06:19","modified_gmt":"2025-06-04T00:06:19","slug":"stihl-dynamic-sensolight","status":"publish","type":"product","link":"https:\/\/lucacastelli.com\/fr\/produit\/stihl-dynamic-sensolight\/","title":{"rendered":"STIHL DYNAMIC SensoLight"},"content":{"rendered":"<p>Poignet \u00e9lastiqu\u00e9 avec fermeture velcro. Bandes r\u00e9fl\u00e9chissantes. Bonne adh\u00e9rence lors de l&#8217;utilisation d&#8217;une tron\u00e7onneuse.<br \/>\n886661915811  <\/p>\n","protected":false},"excerpt":{"rendered":"<p>Poignet \u00e9lastiqu\u00e9 avec fermeture velcro. Bandes r\u00e9fl\u00e9chissantes. Bonne adh\u00e9rence lors de l&#8217;utilisation d&#8217;une tron\u00e7onneuse. 886661915811<\/p>\n","protected":false},"featured_media":439271,"template":"","meta":{"_seopress_robots_primary_cat":"none","_seopress_titles_title":"","_seopress_titles_desc":"","_seopress_robots_index":""},"product_brand":[3555],"product_cat":[81,1381],"product_tag":[3267],"class_list":{"0":"post-514036","1":"product","2":"type-product","3":"status-publish","4":"has-post-thumbnail","6":"product_brand-stihl-fr","7":"product_cat-vetements","8":"product_cat-vetements-de-travail","9":"product_tag-import-stihl-fr","10":"sws-conto-ricavi-merci-rivendita-abbigliamento-fr","11":"sws-gruppo-iva-iva81-fr","13":"first","14":"instock","15":"shipping-taxable","16":"purchasable","17":"product-type-variable"},"_links":{"self":[{"href":"https:\/\/lucacastelli.com\/fr\/wp-json\/wp\/v2\/product\/514036","targetHints":{"allow":["GET"]}}],"collection":[{"href":"https:\/\/lucacastelli.com\/fr\/wp-json\/wp\/v2\/product"}],"about":[{"href":"https:\/\/lucacastelli.com\/fr\/wp-json\/wp\/v2\/types\/product"}],"wp:featuredmedia":[{"embeddable":true,"href":"https:\/\/lucacastelli.com\/fr\/wp-json\/wp\/v2\/media\/439271"}],"wp:attachment":[{"href":"https:\/\/lucacastelli.com\/fr\/wp-json\/wp\/v2\/media?parent=514036"}],"wp:term":[{"taxonomy":"product_brand","embeddable":true,"href":"https:\/\/lucacastelli.com\/fr\/wp-json\/wp\/v2\/product_brand?post=514036"},{"taxonomy":"product_cat","embeddable":true,"href":"https:\/\/lucacastelli.com\/fr\/wp-json\/wp\/v2\/product_cat?post=514036"},{"taxonomy":"product_tag","embeddable":true,"href":"https:\/\/lucacastelli.com\/fr\/wp-json\/wp\/v2\/product_tag?post=514036"}],"curies":[{"name":"wp","href":"https:\/\/api.w.org\/{rel}","templated":true}]}}