{"id":514017,"date":"2025-06-04T03:16:11","date_gmt":"2025-06-04T01:16:11","guid":{"rendered":"https:\/\/lucacastelli.com\/prodotto\/gants-de-travail-professionnels-stihl-advance-ergo\/"},"modified":"2025-06-04T03:16:11","modified_gmt":"2025-06-04T01:16:11","slug":"gants-de-travail-professionnels-stihl-advance-ergo","status":"publish","type":"product","link":"https:\/\/lucacastelli.com\/fr\/produit\/gants-de-travail-professionnels-stihl-advance-ergo\/","title":{"rendered":"Gants de travail professionnels STIHL, ADVANCE Ergo"},"content":{"rendered":"<p>Gants de travail confortables en cuir de ch\u00e8vre orbidaire. Manchette haute en caoutchouc \u00e9lastique avec fermeture velcro pour \u00e9viter la p\u00e9n\u00e9tration de corps \u00e9trangers. Dos en nylon orange.  <\/p>\n","protected":false},"excerpt":{"rendered":"<p>Gants de travail confortables en cuir de ch\u00e8vre orbidaire. Manchette haute en caoutchouc \u00e9lastique avec fermeture velcro pour \u00e9viter la<\/p>\n","protected":false},"featured_media":439207,"template":"","meta":{"_seopress_robots_primary_cat":"none","_seopress_titles_title":"","_seopress_titles_desc":"","_seopress_robots_index":""},"product_brand":[3366],"product_cat":[21,284],"product_tag":[3265],"class_list":{"0":"post-514017","1":"product","2":"type-product","3":"status-publish","4":"has-post-thumbnail","6":"product_brand-stihl","7":"product_cat-abbigliamento","8":"product_cat-abbigliamento-da-lavoro","9":"product_tag-import-stihl","10":"sws-conto-ricavi-merci-rivendita-abbigliamento-fr","11":"sws-gruppo-iva-iva81-fr","13":"first","14":"instock","15":"shipping-taxable","16":"purchasable","17":"product-type-variable"},"_links":{"self":[{"href":"https:\/\/lucacastelli.com\/fr\/wp-json\/wp\/v2\/product\/514017","targetHints":{"allow":["GET"]}}],"collection":[{"href":"https:\/\/lucacastelli.com\/fr\/wp-json\/wp\/v2\/product"}],"about":[{"href":"https:\/\/lucacastelli.com\/fr\/wp-json\/wp\/v2\/types\/product"}],"wp:featuredmedia":[{"embeddable":true,"href":"https:\/\/lucacastelli.com\/fr\/wp-json\/wp\/v2\/media\/439207"}],"wp:attachment":[{"href":"https:\/\/lucacastelli.com\/fr\/wp-json\/wp\/v2\/media?parent=514017"}],"wp:term":[{"taxonomy":"product_brand","embeddable":true,"href":"https:\/\/lucacastelli.com\/fr\/wp-json\/wp\/v2\/product_brand?post=514017"},{"taxonomy":"product_cat","embeddable":true,"href":"https:\/\/lucacastelli.com\/fr\/wp-json\/wp\/v2\/product_cat?post=514017"},{"taxonomy":"product_tag","embeddable":true,"href":"https:\/\/lucacastelli.com\/fr\/wp-json\/wp\/v2\/product_tag?post=514017"}],"curies":[{"name":"wp","href":"https:\/\/api.w.org\/{rel}","templated":true}]}}