{"id":513867,"date":"2025-06-04T18:39:11","date_gmt":"2025-06-04T16:39:11","guid":{"rendered":"https:\/\/lucacastelli.com\/prodotto\/veste-stihl-function-core\/"},"modified":"2025-08-04T16:25:27","modified_gmt":"2025-08-04T14:25:27","slug":"veste-stihl-function-core","status":"publish","type":"product","link":"https:\/\/lucacastelli.com\/fr\/produit\/veste-stihl-function-core\/","title":{"rendered":"Veste STIHL FUNCTION Core"},"content":{"rendered":"<p>Veste l\u00e9g\u00e8re, respirante et durable. Grand confort gr\u00e2ce \u00e0 la mati\u00e8re respirante sous les aisselles et \u00e0 la mati\u00e8re \u00e9lastique aux coudes et aux hanches. Largeur de manche r\u00e9glable, grande poche zipp\u00e9e et deux poches lat\u00e9rales. Grandes surfaces en orange de s\u00e9curit\u00e9 et \u00e9l\u00e9ments r\u00e9fl\u00e9chissants pour une bonne visibilit\u00e9. Fabriqu\u00e9 en partie \u00e0 partir de mat\u00e9riaux recycl\u00e9s.    <\/p>\n","protected":false},"excerpt":{"rendered":"<p>Veste l\u00e9g\u00e8re, respirante et durable. Grand confort gr\u00e2ce \u00e0 la mati\u00e8re respirante sous les aisselles et \u00e0 la mati\u00e8re \u00e9lastique<\/p>\n","protected":false},"featured_media":436831,"template":"","meta":{"_seopress_robots_primary_cat":"none","_seopress_titles_title":"","_seopress_titles_desc":"","_seopress_robots_index":""},"product_brand":[3366],"product_cat":[21,284],"product_tag":[3265],"class_list":{"0":"post-513867","1":"product","2":"type-product","3":"status-publish","4":"has-post-thumbnail","6":"product_brand-stihl","7":"product_cat-abbigliamento","8":"product_cat-abbigliamento-da-lavoro","9":"product_tag-import-stihl","11":"first","12":"instock","13":"sale","14":"shipping-taxable","15":"purchasable","16":"product-type-variable"},"_links":{"self":[{"href":"https:\/\/lucacastelli.com\/fr\/wp-json\/wp\/v2\/product\/513867","targetHints":{"allow":["GET"]}}],"collection":[{"href":"https:\/\/lucacastelli.com\/fr\/wp-json\/wp\/v2\/product"}],"about":[{"href":"https:\/\/lucacastelli.com\/fr\/wp-json\/wp\/v2\/types\/product"}],"wp:featuredmedia":[{"embeddable":true,"href":"https:\/\/lucacastelli.com\/fr\/wp-json\/wp\/v2\/media\/436831"}],"wp:attachment":[{"href":"https:\/\/lucacastelli.com\/fr\/wp-json\/wp\/v2\/media?parent=513867"}],"wp:term":[{"taxonomy":"product_brand","embeddable":true,"href":"https:\/\/lucacastelli.com\/fr\/wp-json\/wp\/v2\/product_brand?post=513867"},{"taxonomy":"product_cat","embeddable":true,"href":"https:\/\/lucacastelli.com\/fr\/wp-json\/wp\/v2\/product_cat?post=513867"},{"taxonomy":"product_tag","embeddable":true,"href":"https:\/\/lucacastelli.com\/fr\/wp-json\/wp\/v2\/product_tag?post=513867"}],"curies":[{"name":"wp","href":"https:\/\/api.w.org\/{rel}","templated":true}]}}