{"id":513807,"date":"2025-06-04T18:24:51","date_gmt":"2025-06-04T16:24:51","guid":{"rendered":"https:\/\/lucacastelli.com\/prodotto\/veste-dynamic-durotec-de-stihl\/"},"modified":"2025-06-04T18:24:51","modified_gmt":"2025-06-04T16:24:51","slug":"veste-dynamic-durotec-de-stihl","status":"publish","type":"product","link":"https:\/\/lucacastelli.com\/fr\/produit\/veste-dynamic-durotec-de-stihl\/","title":{"rendered":"Veste DYNAMIC DuroTEC de STIHL"},"content":{"rendered":"<p>Veste de travail l\u00e9g\u00e8re et tr\u00e8s confortable, utilisable toute l&#8217;ann\u00e9e, pour les particuliers et les professionnels. Id\u00e9ale pour les travaux forestiers, horticoles et agricoles. M\u00e9lange fonctionnel de tissus robustes et souples pour une grande libert\u00e9 de mouvement et une grande durabilit\u00e9. Climat corporel agr\u00e9able. Avec des ouvertures d&#8217;a\u00e9ration r\u00e9glables sous les bras et quatre poches zipp\u00e9es pratiques. Excellente visibilit\u00e9 gr\u00e2ce \u00e0 l&#8217;orange haute visibilit\u00e9 et aux d\u00e9tails r\u00e9fl\u00e9chissants.     <\/p>\n<p>&nbsp;<\/p>\n","protected":false},"excerpt":{"rendered":"<p>Veste de travail l\u00e9g\u00e8re et tr\u00e8s confortable, utilisable toute l&#8217;ann\u00e9e, pour les particuliers et les professionnels. Id\u00e9ale pour les travaux<\/p>\n","protected":false},"featured_media":436706,"template":"","meta":{"_seopress_robots_primary_cat":"none","_seopress_titles_title":"","_seopress_titles_desc":"","_seopress_robots_index":""},"product_brand":[3555],"product_cat":[81,1381],"product_tag":[3267],"class_list":{"0":"post-513807","1":"product","2":"type-product","3":"status-publish","4":"has-post-thumbnail","6":"product_brand-stihl-fr","7":"product_cat-vetements","8":"product_cat-vetements-de-travail","9":"product_tag-import-stihl-fr","10":"sws-conto-ricavi-merci-rivendita-abbigliamento-fr","11":"sws-gruppo-iva-iva81-fr","13":"first","14":"instock","15":"sale","16":"shipping-taxable","17":"purchasable","18":"product-type-variable"},"_links":{"self":[{"href":"https:\/\/lucacastelli.com\/fr\/wp-json\/wp\/v2\/product\/513807","targetHints":{"allow":["GET"]}}],"collection":[{"href":"https:\/\/lucacastelli.com\/fr\/wp-json\/wp\/v2\/product"}],"about":[{"href":"https:\/\/lucacastelli.com\/fr\/wp-json\/wp\/v2\/types\/product"}],"wp:featuredmedia":[{"embeddable":true,"href":"https:\/\/lucacastelli.com\/fr\/wp-json\/wp\/v2\/media\/436706"}],"wp:attachment":[{"href":"https:\/\/lucacastelli.com\/fr\/wp-json\/wp\/v2\/media?parent=513807"}],"wp:term":[{"taxonomy":"product_brand","embeddable":true,"href":"https:\/\/lucacastelli.com\/fr\/wp-json\/wp\/v2\/product_brand?post=513807"},{"taxonomy":"product_cat","embeddable":true,"href":"https:\/\/lucacastelli.com\/fr\/wp-json\/wp\/v2\/product_cat?post=513807"},{"taxonomy":"product_tag","embeddable":true,"href":"https:\/\/lucacastelli.com\/fr\/wp-json\/wp\/v2\/product_tag?post=513807"}],"curies":[{"name":"wp","href":"https:\/\/api.w.org\/{rel}","templated":true}]}}