{"id":513792,"date":"2025-06-04T19:35:34","date_gmt":"2025-06-04T17:35:34","guid":{"rendered":"https:\/\/lucacastelli.com\/prodotto\/veste-de-signalisation-stihl-vent\/"},"modified":"2025-06-04T19:35:34","modified_gmt":"2025-06-04T17:35:34","slug":"veste-de-signalisation-stihl-vent","status":"publish","type":"product","link":"https:\/\/lucacastelli.com\/fr\/produit\/veste-de-signalisation-stihl-vent\/","title":{"rendered":"Veste de signalisation STIHL, VENT"},"content":{"rendered":"<p>Veste de signalisation l\u00e9g\u00e8re, extensible et respirante pour les temp\u00e9ratures estivales et les activit\u00e9s physiques intenses. Couleur orange de signalisation en tissu fonctionnel Mag Cool, 100 % polyester, noir avec protection l\u00e9g\u00e8re de la colonne vert\u00e9brale et protection contre l&#8217;usure, 90 % polyester, 10 % \u00e9lasthanne, deux poches de poitrine, taille en caoutchouc pour un bon ajustement, bandes r\u00e9fl\u00e9chissantes pour une bonne visibilit\u00e9, EN 471, niveau de protection 2. <\/p>\n<p>&nbsp;<\/p>\n","protected":false},"excerpt":{"rendered":"<p>Veste de signalisation l\u00e9g\u00e8re, extensible et respirante pour les temp\u00e9ratures estivales et les activit\u00e9s physiques intenses. Couleur orange de signalisation<\/p>\n","protected":false},"featured_media":438375,"template":"","meta":{"_seopress_robots_primary_cat":"none","_seopress_titles_title":"","_seopress_titles_desc":"","_seopress_robots_index":""},"product_brand":[3555],"product_cat":[81,1381],"product_tag":[3267],"class_list":{"0":"post-513792","1":"product","2":"type-product","3":"status-publish","4":"has-post-thumbnail","6":"product_brand-stihl-fr","7":"product_cat-vetements","8":"product_cat-vetements-de-travail","9":"product_tag-import-stihl-fr","10":"sws-conto-ricavi-merci-rivendita-abbigliamento-fr","11":"sws-gruppo-iva-iva81-fr","13":"first","14":"instock","15":"sale","16":"shipping-taxable","17":"purchasable","18":"product-type-variable"},"_links":{"self":[{"href":"https:\/\/lucacastelli.com\/fr\/wp-json\/wp\/v2\/product\/513792","targetHints":{"allow":["GET"]}}],"collection":[{"href":"https:\/\/lucacastelli.com\/fr\/wp-json\/wp\/v2\/product"}],"about":[{"href":"https:\/\/lucacastelli.com\/fr\/wp-json\/wp\/v2\/types\/product"}],"wp:featuredmedia":[{"embeddable":true,"href":"https:\/\/lucacastelli.com\/fr\/wp-json\/wp\/v2\/media\/438375"}],"wp:attachment":[{"href":"https:\/\/lucacastelli.com\/fr\/wp-json\/wp\/v2\/media?parent=513792"}],"wp:term":[{"taxonomy":"product_brand","embeddable":true,"href":"https:\/\/lucacastelli.com\/fr\/wp-json\/wp\/v2\/product_brand?post=513792"},{"taxonomy":"product_cat","embeddable":true,"href":"https:\/\/lucacastelli.com\/fr\/wp-json\/wp\/v2\/product_cat?post=513792"},{"taxonomy":"product_tag","embeddable":true,"href":"https:\/\/lucacastelli.com\/fr\/wp-json\/wp\/v2\/product_tag?post=513792"}],"curies":[{"name":"wp","href":"https:\/\/api.w.org\/{rel}","templated":true}]}}