{"id":513765,"date":"2025-06-04T19:07:57","date_gmt":"2025-06-04T17:07:57","guid":{"rendered":"https:\/\/lucacastelli.com\/prodotto\/gants-de-travail-anti-coupure-stihl-dynamic\/"},"modified":"2025-08-04T16:24:45","modified_gmt":"2025-08-04T14:24:45","slug":"gants-de-travail-anti-coupure-stihl-dynamic","status":"publish","type":"product","link":"https:\/\/lucacastelli.com\/fr\/produit\/gants-de-travail-anti-coupure-stihl-dynamic\/","title":{"rendered":"Gants de travail anti-coupure STIHL Dynamic"},"content":{"rendered":"<p>Les gants STIHL DYNAMIC sont ergonomiquement pr\u00e9form\u00e9s. La doublure est en cuir de vachette, qui allie une grande r\u00e9sistance \u00e0 une bonne adh\u00e9rence. Dos \u00e9lastique avec protection des articulations. Une manchette \u00e9lastique emp\u00eache la p\u00e9n\u00e9tration de corps \u00e9trangers et soutient les articulations du poignet. Les gants sont faciles \u00e0 enfiler et \u00e0 retirer gr\u00e2ce \u00e0 la fermeture velcro de la manchette. Classe de s\u00e9curit\u00e9 1 (= 20 m\/s).     <\/p>\n","protected":false},"excerpt":{"rendered":"<p>Les gants STIHL DYNAMIC sont ergonomiquement pr\u00e9form\u00e9s. La doublure est en cuir de vachette, qui allie une grande r\u00e9sistance \u00e0<\/p>\n","protected":false},"featured_media":439152,"template":"","meta":{"_seopress_robots_primary_cat":"none","_seopress_titles_title":"","_seopress_titles_desc":"","_seopress_robots_index":""},"product_brand":[3555],"product_cat":[81,1381],"product_tag":[3267],"class_list":{"0":"post-513765","1":"product","2":"type-product","3":"status-publish","4":"has-post-thumbnail","6":"product_brand-stihl-fr","7":"product_cat-vetements","8":"product_cat-vetements-de-travail","9":"product_tag-import-stihl-fr","10":"sws-conto-ricavi-merci-rivendita-abbigliamento-fr","11":"sws-gruppo-iva-iva81-fr","13":"first","14":"instock","15":"shipping-taxable","16":"purchasable","17":"product-type-variable"},"_links":{"self":[{"href":"https:\/\/lucacastelli.com\/fr\/wp-json\/wp\/v2\/product\/513765","targetHints":{"allow":["GET"]}}],"collection":[{"href":"https:\/\/lucacastelli.com\/fr\/wp-json\/wp\/v2\/product"}],"about":[{"href":"https:\/\/lucacastelli.com\/fr\/wp-json\/wp\/v2\/types\/product"}],"wp:featuredmedia":[{"embeddable":true,"href":"https:\/\/lucacastelli.com\/fr\/wp-json\/wp\/v2\/media\/439152"}],"wp:attachment":[{"href":"https:\/\/lucacastelli.com\/fr\/wp-json\/wp\/v2\/media?parent=513765"}],"wp:term":[{"taxonomy":"product_brand","embeddable":true,"href":"https:\/\/lucacastelli.com\/fr\/wp-json\/wp\/v2\/product_brand?post=513765"},{"taxonomy":"product_cat","embeddable":true,"href":"https:\/\/lucacastelli.com\/fr\/wp-json\/wp\/v2\/product_cat?post=513765"},{"taxonomy":"product_tag","embeddable":true,"href":"https:\/\/lucacastelli.com\/fr\/wp-json\/wp\/v2\/product_tag?post=513765"}],"curies":[{"name":"wp","href":"https:\/\/api.w.org\/{rel}","templated":true}]}}