{"id":513764,"date":"2025-06-04T19:51:00","date_gmt":"2025-06-04T17:51:00","guid":{"rendered":"https:\/\/lucacastelli.com\/prodotto\/veste-stihl-function-ergo\/"},"modified":"2025-06-04T19:51:00","modified_gmt":"2025-06-04T17:51:00","slug":"veste-stihl-function-ergo","status":"publish","type":"product","link":"https:\/\/lucacastelli.com\/fr\/produit\/veste-stihl-function-ergo\/","title":{"rendered":"Veste STIHL FUNCTION ERGO"},"content":{"rendered":"<p>Fabriqu\u00e9 dans un mat\u00e9riau particuli\u00e8rement robuste pour une longue dur\u00e9e de vie. Vert signalisation et orange, empi\u00e8cements \u00e9lastiques, empi\u00e8cements avec ouvertures d&#8217;a\u00e9ration, poche pour mat\u00e9riel de premier secours, deux poches poitrine zipp\u00e9es, renforts aux coudes, bandes r\u00e9fl\u00e9chissantes et grandes zones de signalisation pour une meilleure visibilit\u00e9, grand logo STIHL dans le dos. Avec certification de valeur d&#8217;usage KWF.  <\/p>\n<p>&nbsp;<\/p>\n","protected":false},"excerpt":{"rendered":"<p>Fabriqu\u00e9 dans un mat\u00e9riau particuli\u00e8rement robuste pour une longue dur\u00e9e de vie. Vert signalisation et orange, empi\u00e8cements \u00e9lastiques, empi\u00e8cements avec<\/p>\n","protected":false},"featured_media":513394,"template":"","meta":{"_seopress_robots_primary_cat":"none","_seopress_titles_title":"","_seopress_titles_desc":"","_seopress_robots_index":""},"product_brand":[3366],"product_cat":[21,284],"product_tag":[3265],"class_list":{"0":"post-513764","1":"product","2":"type-product","3":"status-publish","4":"has-post-thumbnail","6":"product_brand-stihl","7":"product_cat-abbigliamento","8":"product_cat-abbigliamento-da-lavoro","9":"product_tag-import-stihl","10":"sws-conto-ricavi-merci-rivendita-abbigliamento-fr","11":"sws-gruppo-iva-iva81-fr","13":"first","14":"instock","15":"sale","16":"shipping-taxable","17":"purchasable","18":"product-type-variable"},"_links":{"self":[{"href":"https:\/\/lucacastelli.com\/fr\/wp-json\/wp\/v2\/product\/513764","targetHints":{"allow":["GET"]}}],"collection":[{"href":"https:\/\/lucacastelli.com\/fr\/wp-json\/wp\/v2\/product"}],"about":[{"href":"https:\/\/lucacastelli.com\/fr\/wp-json\/wp\/v2\/types\/product"}],"wp:featuredmedia":[{"embeddable":true,"href":"https:\/\/lucacastelli.com\/fr\/wp-json\/wp\/v2\/media\/513394"}],"wp:attachment":[{"href":"https:\/\/lucacastelli.com\/fr\/wp-json\/wp\/v2\/media?parent=513764"}],"wp:term":[{"taxonomy":"product_brand","embeddable":true,"href":"https:\/\/lucacastelli.com\/fr\/wp-json\/wp\/v2\/product_brand?post=513764"},{"taxonomy":"product_cat","embeddable":true,"href":"https:\/\/lucacastelli.com\/fr\/wp-json\/wp\/v2\/product_cat?post=513764"},{"taxonomy":"product_tag","embeddable":true,"href":"https:\/\/lucacastelli.com\/fr\/wp-json\/wp\/v2\/product_tag?post=513764"}],"curies":[{"name":"wp","href":"https:\/\/api.w.org\/{rel}","templated":true}]}}