{"id":513727,"date":"2025-06-04T18:01:22","date_gmt":"2025-06-04T16:01:22","guid":{"rendered":"https:\/\/lucacastelli.com\/prodotto\/courroie-stihl-advance-x-flex\/"},"modified":"2025-06-04T18:01:22","modified_gmt":"2025-06-04T16:01:22","slug":"courroie-stihl-advance-x-flex","status":"publish","type":"product","link":"https:\/\/lucacastelli.com\/fr\/produit\/courroie-stihl-advance-x-flex\/","title":{"rendered":"Courroie STIHL ADVANCE X-Flex"},"content":{"rendered":"<p>Harnais rembourr\u00e9 avec \u0153illets pour la sangle d&#8217;\u00e9paule et la ceinture FS. Avec barre de fixation pour sacs et porte-bagages avec syst\u00e8me de clips STIHL. Corps robuste en aluminium. Rembourrage ventral en accessoire pour encore plus de confort.<\/p>\n","protected":false},"excerpt":{"rendered":"<p>Harnais rembourr\u00e9 avec \u0153illets pour la sangle d&#8217;\u00e9paule et la ceinture FS. Avec barre de fixation pour sacs et porte-bagages<\/p>\n","protected":false},"featured_media":436372,"template":"","meta":{"_seopress_robots_primary_cat":"none","_seopress_titles_title":"","_seopress_titles_desc":"","_seopress_robots_index":""},"product_brand":[3555],"product_cat":[81,1381],"product_tag":[3267],"class_list":{"0":"post-513727","1":"product","2":"type-product","3":"status-publish","4":"has-post-thumbnail","6":"product_brand-stihl-fr","7":"product_cat-vetements","8":"product_cat-vetements-de-travail","9":"product_tag-import-stihl-fr","10":"sws-conto-ricavi-merci-rivendita-abbigliamento-fr","11":"sws-gruppo-iva-iva81-fr","13":"first","14":"instock","15":"shipping-taxable","16":"purchasable","17":"product-type-variable"},"_links":{"self":[{"href":"https:\/\/lucacastelli.com\/fr\/wp-json\/wp\/v2\/product\/513727","targetHints":{"allow":["GET"]}}],"collection":[{"href":"https:\/\/lucacastelli.com\/fr\/wp-json\/wp\/v2\/product"}],"about":[{"href":"https:\/\/lucacastelli.com\/fr\/wp-json\/wp\/v2\/types\/product"}],"wp:featuredmedia":[{"embeddable":true,"href":"https:\/\/lucacastelli.com\/fr\/wp-json\/wp\/v2\/media\/436372"}],"wp:attachment":[{"href":"https:\/\/lucacastelli.com\/fr\/wp-json\/wp\/v2\/media?parent=513727"}],"wp:term":[{"taxonomy":"product_brand","embeddable":true,"href":"https:\/\/lucacastelli.com\/fr\/wp-json\/wp\/v2\/product_brand?post=513727"},{"taxonomy":"product_cat","embeddable":true,"href":"https:\/\/lucacastelli.com\/fr\/wp-json\/wp\/v2\/product_cat?post=513727"},{"taxonomy":"product_tag","embeddable":true,"href":"https:\/\/lucacastelli.com\/fr\/wp-json\/wp\/v2\/product_tag?post=513727"}],"curies":[{"name":"wp","href":"https:\/\/api.w.org\/{rel}","templated":true}]}}