{"id":513707,"date":"2025-06-04T22:08:46","date_gmt":"2025-06-04T20:08:46","guid":{"rendered":"https:\/\/lucacastelli.com\/prodotto\/polo-stihl-logo-circle-noir\/"},"modified":"2025-06-04T22:08:46","modified_gmt":"2025-06-04T20:08:46","slug":"polo-stihl-logo-circle-noir","status":"publish","type":"product","link":"https:\/\/lucacastelli.com\/fr\/produit\/polo-stihl-logo-circle-noir\/","title":{"rendered":"Polo STIHL LOGO CIRCLE noir"},"content":{"rendered":"<p>Polo \u00e0 coupe r\u00e9guli\u00e8re en piqu\u00e9 de coton,<br \/>\nfentes lat\u00e9rales et bords de manches c\u00f4tel\u00e9s avec bande orange<br \/>\n. Impression de haute qualit\u00e9, l\u00e9g\u00e8rement en relief, du logo<br \/>\nSTIHL sur la poitrine. Coutures int\u00e9rieures Flatlock, \u00e9galement en orange vibrant comme d\u00e9coration.  <\/p>\n<p>Groupe cible Unisexe<\/p>\n","protected":false},"excerpt":{"rendered":"<p>Polo \u00e0 coupe r\u00e9guli\u00e8re en piqu\u00e9 de coton, fentes lat\u00e9rales et bords de manches c\u00f4tel\u00e9s avec bande orange . Impression<\/p>\n","protected":false},"featured_media":513536,"template":"","meta":{"_seopress_robots_primary_cat":"none","_seopress_titles_title":"","_seopress_titles_desc":"","_seopress_robots_index":""},"product_brand":[3555],"product_cat":[81,981,982],"product_tag":[3267],"class_list":{"0":"post-513707","1":"product","2":"type-product","3":"status-publish","4":"has-post-thumbnail","6":"product_brand-stihl-fr","7":"product_cat-vetements","8":"product_cat-vetements-de-loisirs","9":"product_cat-vetements-pour-hommes","10":"product_tag-import-stihl-fr","11":"sws-conto-ricavi-merci-rivendita-abbigliamento-fr","12":"sws-gruppo-iva-iva81-fr","14":"first","15":"instock","16":"shipping-taxable","17":"purchasable","18":"product-type-variable"},"_links":{"self":[{"href":"https:\/\/lucacastelli.com\/fr\/wp-json\/wp\/v2\/product\/513707","targetHints":{"allow":["GET"]}}],"collection":[{"href":"https:\/\/lucacastelli.com\/fr\/wp-json\/wp\/v2\/product"}],"about":[{"href":"https:\/\/lucacastelli.com\/fr\/wp-json\/wp\/v2\/types\/product"}],"wp:featuredmedia":[{"embeddable":true,"href":"https:\/\/lucacastelli.com\/fr\/wp-json\/wp\/v2\/media\/513536"}],"wp:attachment":[{"href":"https:\/\/lucacastelli.com\/fr\/wp-json\/wp\/v2\/media?parent=513707"}],"wp:term":[{"taxonomy":"product_brand","embeddable":true,"href":"https:\/\/lucacastelli.com\/fr\/wp-json\/wp\/v2\/product_brand?post=513707"},{"taxonomy":"product_cat","embeddable":true,"href":"https:\/\/lucacastelli.com\/fr\/wp-json\/wp\/v2\/product_cat?post=513707"},{"taxonomy":"product_tag","embeddable":true,"href":"https:\/\/lucacastelli.com\/fr\/wp-json\/wp\/v2\/product_tag?post=513707"}],"curies":[{"name":"wp","href":"https:\/\/api.w.org\/{rel}","templated":true}]}}