{"id":513692,"date":"2025-06-04T18:59:29","date_gmt":"2025-06-04T16:59:29","guid":{"rendered":"https:\/\/lucacastelli.com\/prodotto\/veste-de-pluie-stihl-raintec\/"},"modified":"2025-06-04T18:59:29","modified_gmt":"2025-06-04T16:59:29","slug":"veste-de-pluie-stihl-raintec","status":"publish","type":"product","link":"https:\/\/lucacastelli.com\/fr\/produit\/veste-de-pluie-stihl-raintec\/","title":{"rendered":"Veste de pluie STIHL RAINTEC"},"content":{"rendered":"<p>Veste de protection respirante avec une excellente imperm\u00e9abilit\u00e9. Coutures soud\u00e9es et zips \u00e9tanches. Longues fentes d&#8217;a\u00e9ration sous les bras. Grand logo STIHL r\u00e9fl\u00e9chissant dans le dos. Col softshell r\u00e9glable en largeur, capuche rabattable avec visi\u00e8re.    <\/p>\n<p>&nbsp;<\/p>\n","protected":false},"excerpt":{"rendered":"<p>Veste de protection respirante avec une excellente imperm\u00e9abilit\u00e9. Coutures soud\u00e9es et zips \u00e9tanches. Longues fentes d&#8217;a\u00e9ration sous les bras. Grand<\/p>\n","protected":false},"featured_media":453783,"template":"","meta":{"_seopress_robots_primary_cat":"none","_seopress_titles_title":"","_seopress_titles_desc":"","_seopress_robots_index":""},"product_brand":[3555],"product_cat":[81,1381],"product_tag":[3267],"class_list":{"0":"post-513692","1":"product","2":"type-product","3":"status-publish","4":"has-post-thumbnail","6":"product_brand-stihl-fr","7":"product_cat-vetements","8":"product_cat-vetements-de-travail","9":"product_tag-import-stihl-fr","10":"sws-conto-ricavi-merci-rivendita-abbigliamento-fr","11":"sws-gruppo-iva-iva81-fr","13":"first","14":"instock","15":"sale","16":"shipping-taxable","17":"purchasable","18":"product-type-variable"},"_links":{"self":[{"href":"https:\/\/lucacastelli.com\/fr\/wp-json\/wp\/v2\/product\/513692","targetHints":{"allow":["GET"]}}],"collection":[{"href":"https:\/\/lucacastelli.com\/fr\/wp-json\/wp\/v2\/product"}],"about":[{"href":"https:\/\/lucacastelli.com\/fr\/wp-json\/wp\/v2\/types\/product"}],"wp:featuredmedia":[{"embeddable":true,"href":"https:\/\/lucacastelli.com\/fr\/wp-json\/wp\/v2\/media\/453783"}],"wp:attachment":[{"href":"https:\/\/lucacastelli.com\/fr\/wp-json\/wp\/v2\/media?parent=513692"}],"wp:term":[{"taxonomy":"product_brand","embeddable":true,"href":"https:\/\/lucacastelli.com\/fr\/wp-json\/wp\/v2\/product_brand?post=513692"},{"taxonomy":"product_cat","embeddable":true,"href":"https:\/\/lucacastelli.com\/fr\/wp-json\/wp\/v2\/product_cat?post=513692"},{"taxonomy":"product_tag","embeddable":true,"href":"https:\/\/lucacastelli.com\/fr\/wp-json\/wp\/v2\/product_tag?post=513692"}],"curies":[{"name":"wp","href":"https:\/\/api.w.org\/{rel}","templated":true}]}}