{"id":513683,"date":"2025-06-01T03:50:42","date_gmt":"2025-06-01T01:50:42","guid":{"rendered":"https:\/\/lucacastelli.com\/prodotto\/veste-en-duvet-stihl-icon-taille-xxl\/"},"modified":"2025-06-01T03:50:42","modified_gmt":"2025-06-01T01:50:42","slug":"veste-en-duvet-stihl-icon-taille-xxl","status":"publish","type":"product","link":"https:\/\/lucacastelli.com\/fr\/produit\/veste-en-duvet-stihl-icon-taille-xxl\/","title":{"rendered":"Veste en duvet STIHL ICON, taille XXL"},"content":{"rendered":"<p>Cette doudoune mi-saison l\u00e9g\u00e8re et enti\u00e8rement matelass\u00e9e est dot\u00e9e d&#8217;une doublure orange et de poches fendues \u00e0 fermeture \u00e9clair dissimul\u00e9e. Sur la manche se trouve le logo &#8220;LEGENDARY PERFORMANCE&#8221; de STIHL. Dans le sac fourni, la doudoune peut \u00eatre comprim\u00e9e dans un paquet de 25 cm \u00d7 12 cm (diam\u00e8tre).<br \/>\n886661664849  <\/p>\n<p>Groupe cible Hommes<br \/>\nD\u00e9signation de la taille DE D\u00e9signation de la taille DE<\/p>\n<p>Couleur Couleur<\/p>\n","protected":false},"excerpt":{"rendered":"<p>Veste en duvet ICON, taille XXL<\/p>\n","protected":false},"featured_media":440226,"template":"","meta":{"_seopress_robots_primary_cat":"","_seopress_titles_title":"","_seopress_titles_desc":"","_seopress_robots_index":""},"product_brand":[3555],"product_cat":[81,981,982],"product_tag":[3267],"class_list":{"0":"post-513683","1":"product","2":"type-product","3":"status-publish","4":"has-post-thumbnail","6":"product_brand-stihl-fr","7":"product_cat-vetements","8":"product_cat-vetements-de-loisirs","9":"product_cat-vetements-pour-hommes","10":"product_tag-import-stihl-fr","11":"sws-gruppo-abb-libero-fr","12":"sws-conto-ricavi-merci-rivendita-abbigliamento-fr","13":"sws-gruppo-iva-iva81-fr","15":"first","16":"onbackorder","17":"purchasable","18":"product-type-simple"},"_links":{"self":[{"href":"https:\/\/lucacastelli.com\/fr\/wp-json\/wp\/v2\/product\/513683","targetHints":{"allow":["GET"]}}],"collection":[{"href":"https:\/\/lucacastelli.com\/fr\/wp-json\/wp\/v2\/product"}],"about":[{"href":"https:\/\/lucacastelli.com\/fr\/wp-json\/wp\/v2\/types\/product"}],"wp:featuredmedia":[{"embeddable":true,"href":"https:\/\/lucacastelli.com\/fr\/wp-json\/wp\/v2\/media\/440226"}],"wp:attachment":[{"href":"https:\/\/lucacastelli.com\/fr\/wp-json\/wp\/v2\/media?parent=513683"}],"wp:term":[{"taxonomy":"product_brand","embeddable":true,"href":"https:\/\/lucacastelli.com\/fr\/wp-json\/wp\/v2\/product_brand?post=513683"},{"taxonomy":"product_cat","embeddable":true,"href":"https:\/\/lucacastelli.com\/fr\/wp-json\/wp\/v2\/product_cat?post=513683"},{"taxonomy":"product_tag","embeddable":true,"href":"https:\/\/lucacastelli.com\/fr\/wp-json\/wp\/v2\/product_tag?post=513683"}],"curies":[{"name":"wp","href":"https:\/\/api.w.org\/{rel}","templated":true}]}}