{"id":513620,"date":"2025-06-04T19:27:56","date_gmt":"2025-06-04T17:27:56","guid":{"rendered":"https:\/\/lucacastelli.com\/prodotto\/veste-anti-coupure-stihl-protect-ms-orange\/"},"modified":"2025-06-04T19:27:56","modified_gmt":"2025-06-04T17:27:56","slug":"veste-anti-coupure-stihl-protect-ms-orange","status":"publish","type":"product","link":"https:\/\/lucacastelli.com\/fr\/produit\/veste-anti-coupure-stihl-protect-ms-orange\/","title":{"rendered":"Veste anti-coupure STIHL PROTECT MS orange"},"content":{"rendered":"<p>Veste de signalisation l\u00e9g\u00e8re et tr\u00e8s respirante offrant une libert\u00e9 de mouvement maximale. Couleur orange de signalisation, jaune de signalisation et noir. Tissu ext\u00e9rieur et doublure : 100 % polyester. Protection contre les \u00e9pines aux coudes et aux \u00e9paules. Mat\u00e9riau de ventilation sur les manches. Deux poches poitrine zipp\u00e9es, ouverture pour l&#8217;insertion du harnais dans le dos, protection haute visibilit\u00e9 conforme \u00e0 la norme EN 20471 classe 2 avec protection contre les coupures ADVANCE respirante sur la poitrine, les \u00e9paules, les manches et l&#8217;abdomen, conforme \u00e0 la norme EN 381 classe de protection 1 (= 20 m\/s), mod\u00e8le A. En attente de la certification de la valeur d&#8217;usage KWF.     <\/p>\n<p>&nbsp;<\/p>\n","protected":false},"excerpt":{"rendered":"<p>Veste de signalisation l\u00e9g\u00e8re et tr\u00e8s respirante offrant une libert\u00e9 de mouvement maximale. Couleur orange de signalisation, jaune de signalisation<\/p>\n","protected":false},"featured_media":438403,"template":"","meta":{"_seopress_robots_primary_cat":"none","_seopress_titles_title":"","_seopress_titles_desc":"","_seopress_robots_index":""},"product_brand":[3555],"product_cat":[81,1381],"product_tag":[3267],"class_list":{"0":"post-513620","1":"product","2":"type-product","3":"status-publish","4":"has-post-thumbnail","6":"product_brand-stihl-fr","7":"product_cat-vetements","8":"product_cat-vetements-de-travail","9":"product_tag-import-stihl-fr","10":"sws-conto-ricavi-merci-rivendita-abbigliamento-fr","11":"sws-gruppo-iva-iva81-fr","13":"first","14":"instock","15":"sale","16":"shipping-taxable","17":"purchasable","18":"product-type-variable"},"_links":{"self":[{"href":"https:\/\/lucacastelli.com\/fr\/wp-json\/wp\/v2\/product\/513620","targetHints":{"allow":["GET"]}}],"collection":[{"href":"https:\/\/lucacastelli.com\/fr\/wp-json\/wp\/v2\/product"}],"about":[{"href":"https:\/\/lucacastelli.com\/fr\/wp-json\/wp\/v2\/types\/product"}],"wp:featuredmedia":[{"embeddable":true,"href":"https:\/\/lucacastelli.com\/fr\/wp-json\/wp\/v2\/media\/438403"}],"wp:attachment":[{"href":"https:\/\/lucacastelli.com\/fr\/wp-json\/wp\/v2\/media?parent=513620"}],"wp:term":[{"taxonomy":"product_brand","embeddable":true,"href":"https:\/\/lucacastelli.com\/fr\/wp-json\/wp\/v2\/product_brand?post=513620"},{"taxonomy":"product_cat","embeddable":true,"href":"https:\/\/lucacastelli.com\/fr\/wp-json\/wp\/v2\/product_cat?post=513620"},{"taxonomy":"product_tag","embeddable":true,"href":"https:\/\/lucacastelli.com\/fr\/wp-json\/wp\/v2\/product_tag?post=513620"}],"curies":[{"name":"wp","href":"https:\/\/api.w.org\/{rel}","templated":true}]}}