{"id":513602,"date":"2025-06-04T22:15:39","date_gmt":"2025-06-04T20:15:39","guid":{"rendered":"https:\/\/lucacastelli.com\/prodotto\/t-shirt-stihl-logo-blanco\/"},"modified":"2025-06-04T22:15:39","modified_gmt":"2025-06-04T20:15:39","slug":"t-shirt-stihl-logo-blanco","status":"publish","type":"product","link":"https:\/\/lucacastelli.com\/fr\/produit\/t-shirt-stihl-logo-blanco\/","title":{"rendered":"T-Shirt STIHL LOGO blanco"},"content":{"rendered":"<p>Pull blanc \u00e0 col ras du cou en jersey de coton de haute qualit\u00e9 avec un grand logo<br \/>\nimprim\u00e9 en orange pour cr\u00e9er un fort contraste. A l&#8217;int\u00e9rieur<br \/>\n\u00e9tiquette avec le logo STIHL, dans le dos un autre logo en orange. <\/p>\n<p>Groupe cible Unisexe<\/p>\n","protected":false},"excerpt":{"rendered":"<p>Pull blanc \u00e0 col ras du cou en jersey de coton de haute qualit\u00e9 avec un grand logo imprim\u00e9 en<\/p>\n","protected":false},"featured_media":439645,"template":"","meta":{"_seopress_robots_primary_cat":"none","_seopress_titles_title":"","_seopress_titles_desc":"","_seopress_robots_index":""},"product_brand":[3555],"product_cat":[81,981,982],"product_tag":[3267],"class_list":{"0":"post-513602","1":"product","2":"type-product","3":"status-publish","4":"has-post-thumbnail","6":"product_brand-stihl-fr","7":"product_cat-vetements","8":"product_cat-vetements-de-loisirs","9":"product_cat-vetements-pour-hommes","10":"product_tag-import-stihl-fr","11":"sws-conto-ricavi-merci-rivendita-abbigliamento-fr","12":"sws-gruppo-iva-iva81-fr","14":"first","15":"instock","16":"shipping-taxable","17":"purchasable","18":"product-type-variable"},"_links":{"self":[{"href":"https:\/\/lucacastelli.com\/fr\/wp-json\/wp\/v2\/product\/513602","targetHints":{"allow":["GET"]}}],"collection":[{"href":"https:\/\/lucacastelli.com\/fr\/wp-json\/wp\/v2\/product"}],"about":[{"href":"https:\/\/lucacastelli.com\/fr\/wp-json\/wp\/v2\/types\/product"}],"wp:featuredmedia":[{"embeddable":true,"href":"https:\/\/lucacastelli.com\/fr\/wp-json\/wp\/v2\/media\/439645"}],"wp:attachment":[{"href":"https:\/\/lucacastelli.com\/fr\/wp-json\/wp\/v2\/media?parent=513602"}],"wp:term":[{"taxonomy":"product_brand","embeddable":true,"href":"https:\/\/lucacastelli.com\/fr\/wp-json\/wp\/v2\/product_brand?post=513602"},{"taxonomy":"product_cat","embeddable":true,"href":"https:\/\/lucacastelli.com\/fr\/wp-json\/wp\/v2\/product_cat?post=513602"},{"taxonomy":"product_tag","embeddable":true,"href":"https:\/\/lucacastelli.com\/fr\/wp-json\/wp\/v2\/product_tag?post=513602"}],"curies":[{"name":"wp","href":"https:\/\/api.w.org\/{rel}","templated":true}]}}