{"id":513597,"date":"2025-06-04T19:11:05","date_gmt":"2025-06-04T17:11:05","guid":{"rendered":"https:\/\/lucacastelli.com\/prodotto\/stihl-gants-de-travail-anti-coupures\/"},"modified":"2025-07-27T01:42:43","modified_gmt":"2025-07-26T23:42:43","slug":"stihl-gants-de-travail-anti-coupures","status":"publish","type":"product","link":"https:\/\/lucacastelli.com\/fr\/produit\/stihl-gants-de-travail-anti-coupures\/","title":{"rendered":"STIHL Gants de travail anti-coupures"},"content":{"rendered":"<p>FUNCTION Protect MS, EN 381, classe de s\u00e9curit\u00e9 0 (= 16 m\/s), confort de port sup\u00e9rieur gr\u00e2ce \u00e0 la combinaison tissu\/cuir\/manchons tricot\u00e9s, rembourrage de s\u00e9curit\u00e9 dans le dos \u00e0 droite et \u00e0 gauche, par exemple pour les travaux d&#8217;entretien des arbres.<\/p>\n","protected":false},"excerpt":{"rendered":"<p>FUNCTION Protect MS, EN 381, classe de s\u00e9curit\u00e9 0 (= 16 m\/s), confort de port sup\u00e9rieur gr\u00e2ce \u00e0 la combinaison<\/p>\n","protected":false},"featured_media":439177,"template":"","meta":{"_seopress_robots_primary_cat":"none","_seopress_titles_title":"","_seopress_titles_desc":"","_seopress_robots_index":""},"product_brand":[3555],"product_cat":[81,1381],"product_tag":[3267],"class_list":{"0":"post-513597","1":"product","2":"type-product","3":"status-publish","4":"has-post-thumbnail","6":"product_brand-stihl-fr","7":"product_cat-vetements","8":"product_cat-vetements-de-travail","9":"product_tag-import-stihl-fr","10":"sws-conto-ricavi-merci-rivendita-abbigliamento-fr","11":"sws-gruppo-iva-iva81-fr","13":"first","14":"instock","15":"shipping-taxable","16":"purchasable","17":"product-type-variable"},"_links":{"self":[{"href":"https:\/\/lucacastelli.com\/fr\/wp-json\/wp\/v2\/product\/513597","targetHints":{"allow":["GET"]}}],"collection":[{"href":"https:\/\/lucacastelli.com\/fr\/wp-json\/wp\/v2\/product"}],"about":[{"href":"https:\/\/lucacastelli.com\/fr\/wp-json\/wp\/v2\/types\/product"}],"wp:featuredmedia":[{"embeddable":true,"href":"https:\/\/lucacastelli.com\/fr\/wp-json\/wp\/v2\/media\/439177"}],"wp:attachment":[{"href":"https:\/\/lucacastelli.com\/fr\/wp-json\/wp\/v2\/media?parent=513597"}],"wp:term":[{"taxonomy":"product_brand","embeddable":true,"href":"https:\/\/lucacastelli.com\/fr\/wp-json\/wp\/v2\/product_brand?post=513597"},{"taxonomy":"product_cat","embeddable":true,"href":"https:\/\/lucacastelli.com\/fr\/wp-json\/wp\/v2\/product_cat?post=513597"},{"taxonomy":"product_tag","embeddable":true,"href":"https:\/\/lucacastelli.com\/fr\/wp-json\/wp\/v2\/product_tag?post=513597"}],"curies":[{"name":"wp","href":"https:\/\/api.w.org\/{rel}","templated":true}]}}