{"id":513565,"date":"2025-06-04T19:19:06","date_gmt":"2025-06-04T17:19:06","guid":{"rendered":"https:\/\/lucacastelli.com\/prodotto\/veste-stihl-dynamic-vent\/"},"modified":"2025-06-04T19:19:06","modified_gmt":"2025-06-04T17:19:06","slug":"veste-stihl-dynamic-vent","status":"publish","type":"product","link":"https:\/\/lucacastelli.com\/fr\/produit\/veste-stihl-dynamic-vent\/","title":{"rendered":"Veste STIHL DYNAMIC VENT"},"content":{"rendered":"<p>Veste particuli\u00e8rement l\u00e9g\u00e8re et respirante pour l&#8217;\u00e9t\u00e9. Couleur orange, noir et kaki, ouvertures de ventilation, inserts en stretch, renforts aux coudes, \u00e9l\u00e9ments r\u00e9fl\u00e9chissants, quatre poches avec fermetures \u00e9clair, une poche int\u00e9rieure pour le t\u00e9l\u00e9phone portable. <\/p>\n","protected":false},"excerpt":{"rendered":"<p>Veste particuli\u00e8rement l\u00e9g\u00e8re et respirante pour l&#8217;\u00e9t\u00e9. Couleur orange, noir et kaki, ouvertures de ventilation, inserts en stretch, renforts aux<\/p>\n","protected":false},"featured_media":513347,"template":"","meta":{"_seopress_robots_primary_cat":"none","_seopress_titles_title":"","_seopress_titles_desc":"","_seopress_robots_index":""},"product_brand":[3555],"product_cat":[81,1381],"product_tag":[3267],"class_list":{"0":"post-513565","1":"product","2":"type-product","3":"status-publish","4":"has-post-thumbnail","6":"product_brand-stihl-fr","7":"product_cat-vetements","8":"product_cat-vetements-de-travail","9":"product_tag-import-stihl-fr","10":"sws-conto-ricavi-merci-rivendita-abbigliamento-fr","11":"sws-gruppo-iva-iva81-fr","13":"first","14":"instock","15":"sale","16":"shipping-taxable","17":"purchasable","18":"product-type-variable"},"_links":{"self":[{"href":"https:\/\/lucacastelli.com\/fr\/wp-json\/wp\/v2\/product\/513565","targetHints":{"allow":["GET"]}}],"collection":[{"href":"https:\/\/lucacastelli.com\/fr\/wp-json\/wp\/v2\/product"}],"about":[{"href":"https:\/\/lucacastelli.com\/fr\/wp-json\/wp\/v2\/types\/product"}],"wp:featuredmedia":[{"embeddable":true,"href":"https:\/\/lucacastelli.com\/fr\/wp-json\/wp\/v2\/media\/513347"}],"wp:attachment":[{"href":"https:\/\/lucacastelli.com\/fr\/wp-json\/wp\/v2\/media?parent=513565"}],"wp:term":[{"taxonomy":"product_brand","embeddable":true,"href":"https:\/\/lucacastelli.com\/fr\/wp-json\/wp\/v2\/product_brand?post=513565"},{"taxonomy":"product_cat","embeddable":true,"href":"https:\/\/lucacastelli.com\/fr\/wp-json\/wp\/v2\/product_cat?post=513565"},{"taxonomy":"product_tag","embeddable":true,"href":"https:\/\/lucacastelli.com\/fr\/wp-json\/wp\/v2\/product_tag?post=513565"}],"curies":[{"name":"wp","href":"https:\/\/api.w.org\/{rel}","templated":true}]}}