{"id":513558,"date":"2025-07-03T17:56:55","date_gmt":"2025-07-03T15:56:55","guid":{"rendered":"https:\/\/lucacastelli.com\/prodotto\/courroie-advance-x-flex-de-stihl\/"},"modified":"2025-07-03T17:56:55","modified_gmt":"2025-07-03T15:56:55","slug":"courroie-advance-x-flex-de-stihl","status":"publish","type":"product","link":"https:\/\/lucacastelli.com\/fr\/produit\/courroie-advance-x-flex-de-stihl\/","title":{"rendered":"Courroie ADVANCE X-Flex de STIHL"},"content":{"rendered":"<p>Ceinture fine pour le transport de charges l\u00e9g\u00e8res et pour une utilisation \u00e0 des temp\u00e9ratures \u00e9lev\u00e9es. Dot\u00e9e d&#8217;\u0153illets pour la fixation de la sangle d&#8217;\u00e9paule et d&#8217;une barre pour la fixation de sacs et de porte-bagages \u00e0 l&#8217;aide du syst\u00e8me de clips. <\/p>\n","protected":false},"excerpt":{"rendered":"<p>Ceinture fine pour le transport de charges l\u00e9g\u00e8res et pour une utilisation \u00e0 des temp\u00e9ratures \u00e9lev\u00e9es. Dot\u00e9e d&#8217;\u0153illets pour la<\/p>\n","protected":false},"featured_media":436164,"template":"","meta":{"_seopress_robots_primary_cat":"none","_seopress_titles_title":"","_seopress_titles_desc":"","_seopress_robots_index":""},"product_brand":[3555],"product_cat":[81,1381],"product_tag":[3267],"class_list":{"0":"post-513558","1":"product","2":"type-product","3":"status-publish","4":"has-post-thumbnail","6":"product_brand-stihl-fr","7":"product_cat-vetements","8":"product_cat-vetements-de-travail","9":"product_tag-import-stihl-fr","10":"sws-conto-ricavi-merci-rivendita-abbigliamento-fr","11":"sws-gruppo-iva-iva81-fr","13":"first","14":"instock","15":"shipping-taxable","16":"purchasable","17":"product-type-variable"},"_links":{"self":[{"href":"https:\/\/lucacastelli.com\/fr\/wp-json\/wp\/v2\/product\/513558","targetHints":{"allow":["GET"]}}],"collection":[{"href":"https:\/\/lucacastelli.com\/fr\/wp-json\/wp\/v2\/product"}],"about":[{"href":"https:\/\/lucacastelli.com\/fr\/wp-json\/wp\/v2\/types\/product"}],"wp:featuredmedia":[{"embeddable":true,"href":"https:\/\/lucacastelli.com\/fr\/wp-json\/wp\/v2\/media\/436164"}],"wp:attachment":[{"href":"https:\/\/lucacastelli.com\/fr\/wp-json\/wp\/v2\/media?parent=513558"}],"wp:term":[{"taxonomy":"product_brand","embeddable":true,"href":"https:\/\/lucacastelli.com\/fr\/wp-json\/wp\/v2\/product_brand?post=513558"},{"taxonomy":"product_cat","embeddable":true,"href":"https:\/\/lucacastelli.com\/fr\/wp-json\/wp\/v2\/product_cat?post=513558"},{"taxonomy":"product_tag","embeddable":true,"href":"https:\/\/lucacastelli.com\/fr\/wp-json\/wp\/v2\/product_tag?post=513558"}],"curies":[{"name":"wp","href":"https:\/\/api.w.org\/{rel}","templated":true}]}}