{"id":513160,"date":"2025-07-26T18:11:19","date_gmt":"2025-07-26T16:11:19","guid":{"rendered":"https:\/\/lucacastelli.com\/?post_type=product&#038;p=513160"},"modified":"2026-04-16T01:16:37","modified_gmt":"2026-04-15T23:16:37","slug":"pfanner-forest-light-jacke-copia","status":"publish","type":"product","link":"https:\/\/lucacastelli.com\/fr\/produit\/pfanner-forest-light-jacke-copia\/","title":{"rendered":"Veste PFANNER Forest Light noir"},"content":{"rendered":"<p>La veste Forest Light est extr\u00eamement l\u00e9g\u00e8re tout en restant robuste, id\u00e9ale pour les journ\u00e9es les plus chaudes. Gr\u00e2ce \u00e0 notre technologie StretchAIR\u00ae et \u00e0 la ventilation sous les bras, elle est particuli\u00e8rement adapt\u00e9e aux saisons chaudes. Le tissu ext\u00e9rieur 4Way-Stretch garantit une libert\u00e9 de mouvement maximale et r\u00e9siste parfaitement aux branches et aux \u00e9pines. Le syst\u00e8me de poches brevet\u00e9 Zipp2Zipp\u00ae des deux c\u00f4t\u00e9s offre un espace optimal pour le bloc-notes, le stylo et le t\u00e9l\u00e9phone portable. Deux poches int\u00e9rieures offrent un espace suppl\u00e9mentaire. Les poignets int\u00e9rieurs assurent un ajustement parfait des manches \u00e0 chaque poignet. La visibilit\u00e9 est nettement accrue gr\u00e2ce aux bandes r\u00e9fl\u00e9chissantes continues et aux logos 3CON\u00ae \u00e9prouv\u00e9s.<br \/>\n-Technologie StretchAIR\u00ae<br \/>\n-Libert\u00e9 de mouvement maximale<br \/>\n-Tissu ext\u00e9rieur d\u00e9perlant et r\u00e9sistant aux salissures<br \/>\n-Ventilation sous les bras<br \/>\n-Col montant<br \/>\n-Syst\u00e8me de poches Zipp2Zipp\u00ae<br \/>\n-Bandes r\u00e9fl\u00e9chissantes \u00e9lastiques<br \/>\n-3CON\u00ae r\u00e9fl\u00e9chissant<br \/>\n-Renfort imperm\u00e9able aux \u00e9paules      <\/p>\n<p>Mat\u00e9riau :<br \/>\nTissu ext\u00e9rieur rouge, gris, noir : 90 % polyamide, 10 % \u00e9lasthanne<br \/>\nTissu ext\u00e9rieur jaune n\u00e9on, orange : 90 % polyester, 10 % \u00e9lasthanne<br \/>\nNormes<br \/>\nEN 20471 (uniquement version orange\/jaune)<\/p>\n","protected":false},"excerpt":{"rendered":"<p>La veste Forest Light est extr\u00eamement l\u00e9g\u00e8re tout en restant robuste, id\u00e9ale pour les journ\u00e9es les plus chaudes. Gr\u00e2ce \u00e0<\/p>\n","protected":false},"featured_media":513178,"template":"","meta":{"_seopress_robots_primary_cat":"none","_seopress_titles_title":"","_seopress_titles_desc":"","_seopress_robots_index":""},"product_brand":[3669],"product_cat":[81,1381,981],"product_tag":[],"class_list":{"0":"post-513160","1":"product","2":"type-product","3":"status-publish","4":"has-post-thumbnail","6":"product_brand-pfanner-fr","7":"product_cat-vetements","8":"product_cat-vetements-de-travail","9":"product_cat-vetements-de-loisirs","10":"sws-gruppo-no-gruppo-fr","11":"sws-conto-ricavi-merci-rivendita-abbigliamento-fr","12":"sws-gruppo-iva-iva81-fr","14":"first","15":"instock","16":"shipping-taxable","17":"purchasable","18":"product-type-variable","19":"has-default-attributes"},"_links":{"self":[{"href":"https:\/\/lucacastelli.com\/fr\/wp-json\/wp\/v2\/product\/513160","targetHints":{"allow":["GET"]}}],"collection":[{"href":"https:\/\/lucacastelli.com\/fr\/wp-json\/wp\/v2\/product"}],"about":[{"href":"https:\/\/lucacastelli.com\/fr\/wp-json\/wp\/v2\/types\/product"}],"wp:featuredmedia":[{"embeddable":true,"href":"https:\/\/lucacastelli.com\/fr\/wp-json\/wp\/v2\/media\/513178"}],"wp:attachment":[{"href":"https:\/\/lucacastelli.com\/fr\/wp-json\/wp\/v2\/media?parent=513160"}],"wp:term":[{"taxonomy":"product_brand","embeddable":true,"href":"https:\/\/lucacastelli.com\/fr\/wp-json\/wp\/v2\/product_brand?post=513160"},{"taxonomy":"product_cat","embeddable":true,"href":"https:\/\/lucacastelli.com\/fr\/wp-json\/wp\/v2\/product_cat?post=513160"},{"taxonomy":"product_tag","embeddable":true,"href":"https:\/\/lucacastelli.com\/fr\/wp-json\/wp\/v2\/product_tag?post=513160"}],"curies":[{"name":"wp","href":"https:\/\/api.w.org\/{rel}","templated":true}]}}