{"id":513094,"date":"2025-06-02T15:51:20","date_gmt":"2025-06-02T13:51:20","guid":{"rendered":"https:\/\/lucacastelli.com\/prodotto\/sweat-stihl-logo-noir\/"},"modified":"2025-06-02T15:51:20","modified_gmt":"2025-06-02T13:51:20","slug":"sweat-stihl-logo-noir","status":"publish","type":"product","link":"https:\/\/lucacastelli.com\/fr\/produit\/sweat-stihl-logo-noir\/","title":{"rendered":"Sweat STIHL LOGO noir"},"content":{"rendered":"<p>Sweat d\u00e9contract\u00e9 de coupe r\u00e9guli\u00e8re avec un logo STIHL 3D concis imprim\u00e9 sur la poitrine. Point de croix d\u00e9coratif sur l&#8217;encolure ronde, ruban orange sur le col \u00e0 l&#8217;int\u00e9rieur pour l&#8217;ornementation et notre \u00e9tiquette classique. Poignets larges pour un ajustement confortable.  <\/p>\n<p>Groupe cible Unisexe<\/p>\n","protected":false},"excerpt":{"rendered":"<p>Sweat d\u00e9contract\u00e9 de coupe r\u00e9guli\u00e8re avec un logo STIHL 3D concis imprim\u00e9 sur la poitrine. Point de croix d\u00e9coratif sur<\/p>\n","protected":false},"featured_media":439753,"template":"","meta":{"_seopress_robots_primary_cat":"none","_seopress_titles_title":"","_seopress_titles_desc":"","_seopress_robots_index":""},"product_brand":[3555],"product_cat":[81,981,982],"product_tag":[3267],"class_list":{"0":"post-513094","1":"product","2":"type-product","3":"status-publish","4":"has-post-thumbnail","6":"product_brand-stihl-fr","7":"product_cat-vetements","8":"product_cat-vetements-de-loisirs","9":"product_cat-vetements-pour-hommes","10":"product_tag-import-stihl-fr","11":"sws-conto-ricavi-merci-rivendita-abbigliamento-fr","12":"sws-gruppo-iva-iva81-fr","14":"first","15":"instock","16":"shipping-taxable","17":"purchasable","18":"product-type-variable"},"_links":{"self":[{"href":"https:\/\/lucacastelli.com\/fr\/wp-json\/wp\/v2\/product\/513094","targetHints":{"allow":["GET"]}}],"collection":[{"href":"https:\/\/lucacastelli.com\/fr\/wp-json\/wp\/v2\/product"}],"about":[{"href":"https:\/\/lucacastelli.com\/fr\/wp-json\/wp\/v2\/types\/product"}],"wp:featuredmedia":[{"embeddable":true,"href":"https:\/\/lucacastelli.com\/fr\/wp-json\/wp\/v2\/media\/439753"}],"wp:attachment":[{"href":"https:\/\/lucacastelli.com\/fr\/wp-json\/wp\/v2\/media?parent=513094"}],"wp:term":[{"taxonomy":"product_brand","embeddable":true,"href":"https:\/\/lucacastelli.com\/fr\/wp-json\/wp\/v2\/product_brand?post=513094"},{"taxonomy":"product_cat","embeddable":true,"href":"https:\/\/lucacastelli.com\/fr\/wp-json\/wp\/v2\/product_cat?post=513094"},{"taxonomy":"product_tag","embeddable":true,"href":"https:\/\/lucacastelli.com\/fr\/wp-json\/wp\/v2\/product_tag?post=513094"}],"curies":[{"name":"wp","href":"https:\/\/api.w.org\/{rel}","templated":true}]}}