{"id":513080,"date":"2025-07-12T16:21:41","date_gmt":"2025-07-12T14:21:41","guid":{"rendered":"https:\/\/lucacastelli.com\/prodotto\/pantalon-de-securite-stihl-fs-protect\/"},"modified":"2025-07-27T01:42:19","modified_gmt":"2025-07-26T23:42:19","slug":"pantalon-de-securite-stihl-fs-protect","status":"publish","type":"product","link":"https:\/\/lucacastelli.com\/fr\/produit\/pantalon-de-securite-stihl-fs-protect\/","title":{"rendered":"Pantalon de s\u00e9curit\u00e9 STIHL FS PROTECT"},"content":{"rendered":"<p>Pantalon de coupe durable en orange signal pour les travaux sur les chemins de fer et les routes. Fabriqu\u00e9 en tissu ext\u00e9rieur durable. Avec une protection respirante contre les chocs, des bandes r\u00e9fl\u00e9chissantes et de longues ouvertures de ventilation \u00e0 l\u2019arri\u00e8re. Les leggings FS en instance de brevet, \u00e0 usage extr\u00eame, peuvent \u00eatre ins\u00e9r\u00e9s dans la poche int\u00e9rieure. Avec boucles de bretelles FS. V\u00e9rification de la conformit\u00e9 \u00e0 la norme EN 471.     <\/p>\n","protected":false},"excerpt":{"rendered":"<p>Pantalon de coupe durable en orange signal pour les travaux sur les chemins de fer et les routes. Fabriqu\u00e9 en<\/p>\n","protected":false},"featured_media":512982,"template":"","meta":{"_seopress_robots_primary_cat":"none","_seopress_titles_title":"","_seopress_titles_desc":"","_seopress_robots_index":""},"product_brand":[3366],"product_cat":[21,284],"product_tag":[3265],"class_list":{"0":"post-513080","1":"product","2":"type-product","3":"status-publish","4":"has-post-thumbnail","6":"product_brand-stihl","7":"product_cat-abbigliamento","8":"product_cat-abbigliamento-da-lavoro","9":"product_tag-import-stihl","10":"sws-conto-ricavi-merci-rivendita-abbigliamento-fr","11":"sws-gruppo-iva-iva81-fr","13":"first","14":"instock","15":"sale","16":"shipping-taxable","17":"purchasable","18":"product-type-variable"},"_links":{"self":[{"href":"https:\/\/lucacastelli.com\/fr\/wp-json\/wp\/v2\/product\/513080","targetHints":{"allow":["GET"]}}],"collection":[{"href":"https:\/\/lucacastelli.com\/fr\/wp-json\/wp\/v2\/product"}],"about":[{"href":"https:\/\/lucacastelli.com\/fr\/wp-json\/wp\/v2\/types\/product"}],"wp:featuredmedia":[{"embeddable":true,"href":"https:\/\/lucacastelli.com\/fr\/wp-json\/wp\/v2\/media\/512982"}],"wp:attachment":[{"href":"https:\/\/lucacastelli.com\/fr\/wp-json\/wp\/v2\/media?parent=513080"}],"wp:term":[{"taxonomy":"product_brand","embeddable":true,"href":"https:\/\/lucacastelli.com\/fr\/wp-json\/wp\/v2\/product_brand?post=513080"},{"taxonomy":"product_cat","embeddable":true,"href":"https:\/\/lucacastelli.com\/fr\/wp-json\/wp\/v2\/product_cat?post=513080"},{"taxonomy":"product_tag","embeddable":true,"href":"https:\/\/lucacastelli.com\/fr\/wp-json\/wp\/v2\/product_tag?post=513080"}],"curies":[{"name":"wp","href":"https:\/\/api.w.org\/{rel}","templated":true}]}}