{"id":512938,"date":"2025-06-03T14:27:07","date_gmt":"2025-06-03T12:27:07","guid":{"rendered":"https:\/\/lucacastelli.com\/prodotto\/coupe-vent-stihl-logo-circle\/"},"modified":"2025-07-26T14:36:07","modified_gmt":"2025-07-26T12:36:07","slug":"coupe-vent-stihl-logo-circle","status":"publish","type":"product","link":"https:\/\/lucacastelli.com\/fr\/produit\/coupe-vent-stihl-logo-circle\/","title":{"rendered":"Veste coupe-vent STIHL LOGO CIRCLE"},"content":{"rendered":"<p>Veste coupe-vent sportive avec capuche et \u00e9cusson STIHL de grande valeur en orange sur la poitrine. Doublure en maille orange contrast\u00e9e. Poignets \u00e9lastiqu\u00e9s \u00e0 l&#8217;ourlet et aux manches pour un ajustement confortable, poches zipp\u00e9es sur les c\u00f4t\u00e9s.  <\/p>\n<p>Groupe cible Hommes<\/p>\n","protected":false},"excerpt":{"rendered":"<p>Veste coupe-vent sportive avec capuche et \u00e9cusson STIHL de grande valeur en orange sur la poitrine. Doublure en maille orange<\/p>\n","protected":false},"featured_media":512930,"template":"","meta":{"_seopress_robots_primary_cat":"none","_seopress_titles_title":"","_seopress_titles_desc":"","_seopress_robots_index":""},"product_brand":[3555],"product_cat":[81,981,982],"product_tag":[3267],"class_list":{"0":"post-512938","1":"product","2":"type-product","3":"status-publish","4":"has-post-thumbnail","6":"product_brand-stihl-fr","7":"product_cat-vetements","8":"product_cat-vetements-de-loisirs","9":"product_cat-vetements-pour-hommes","10":"product_tag-import-stihl-fr","11":"sws-conto-ricavi-merci-rivendita-abbigliamento-fr","12":"sws-gruppo-iva-iva81-fr","14":"first","15":"instock","16":"shipping-taxable","17":"purchasable","18":"product-type-variable"},"_links":{"self":[{"href":"https:\/\/lucacastelli.com\/fr\/wp-json\/wp\/v2\/product\/512938","targetHints":{"allow":["GET"]}}],"collection":[{"href":"https:\/\/lucacastelli.com\/fr\/wp-json\/wp\/v2\/product"}],"about":[{"href":"https:\/\/lucacastelli.com\/fr\/wp-json\/wp\/v2\/types\/product"}],"wp:featuredmedia":[{"embeddable":true,"href":"https:\/\/lucacastelli.com\/fr\/wp-json\/wp\/v2\/media\/512930"}],"wp:attachment":[{"href":"https:\/\/lucacastelli.com\/fr\/wp-json\/wp\/v2\/media?parent=512938"}],"wp:term":[{"taxonomy":"product_brand","embeddable":true,"href":"https:\/\/lucacastelli.com\/fr\/wp-json\/wp\/v2\/product_brand?post=512938"},{"taxonomy":"product_cat","embeddable":true,"href":"https:\/\/lucacastelli.com\/fr\/wp-json\/wp\/v2\/product_cat?post=512938"},{"taxonomy":"product_tag","embeddable":true,"href":"https:\/\/lucacastelli.com\/fr\/wp-json\/wp\/v2\/product_tag?post=512938"}],"curies":[{"name":"wp","href":"https:\/\/api.w.org\/{rel}","templated":true}]}}