{"id":512895,"date":"2025-06-04T13:11:51","date_gmt":"2025-06-04T11:11:51","guid":{"rendered":"https:\/\/lucacastelli.com\/prodotto\/t-shirt-stihl-small-axe-noir\/"},"modified":"2025-06-04T13:11:51","modified_gmt":"2025-06-04T11:11:51","slug":"t-shirt-stihl-small-axe-noir","status":"publish","type":"product","link":"https:\/\/lucacastelli.com\/fr\/produit\/t-shirt-stihl-small-axe-noir\/","title":{"rendered":"T-Shirt STIHL SMALL AXE noir"},"content":{"rendered":"<p>T-shirt d\u00e9contract\u00e9 \u00e0 coupe r\u00e9guli\u00e8re en single-jersey de coton de haute qualit\u00e9. Logo STIHL TIMBERSPORTS\u00ae : imprim\u00e9 color\u00e9, l\u00e9g\u00e8rement gaufr\u00e9, avec des haches crois\u00e9es \u00e0 la hauteur de la poitrine. <\/p>\n<p>Groupe cible Hommes<\/p>\n","protected":false},"excerpt":{"rendered":"<p>T-shirt d\u00e9contract\u00e9 \u00e0 coupe r\u00e9guli\u00e8re en single-jersey de coton de haute qualit\u00e9. Logo STIHL TIMBERSPORTS\u00ae : imprim\u00e9 color\u00e9, l\u00e9g\u00e8rement gaufr\u00e9,<\/p>\n","protected":false},"featured_media":439929,"template":"","meta":{"_seopress_robots_primary_cat":"none","_seopress_titles_title":"","_seopress_titles_desc":"","_seopress_robots_index":""},"product_brand":[3366],"product_cat":[21,189,190],"product_tag":[3265],"class_list":{"0":"post-512895","1":"product","2":"type-product","3":"status-publish","4":"has-post-thumbnail","6":"product_brand-stihl","7":"product_cat-abbigliamento","8":"product_cat-abbigliamento-per-il-tempo-libero","9":"product_cat-abbigliamento-da-uomo","10":"product_tag-import-stihl","11":"sws-conto-ricavi-merci-rivendita-abbigliamento-fr","12":"sws-gruppo-iva-iva81-fr","14":"first","15":"instock","16":"shipping-taxable","17":"purchasable","18":"product-type-variable"},"_links":{"self":[{"href":"https:\/\/lucacastelli.com\/fr\/wp-json\/wp\/v2\/product\/512895","targetHints":{"allow":["GET"]}}],"collection":[{"href":"https:\/\/lucacastelli.com\/fr\/wp-json\/wp\/v2\/product"}],"about":[{"href":"https:\/\/lucacastelli.com\/fr\/wp-json\/wp\/v2\/types\/product"}],"wp:featuredmedia":[{"embeddable":true,"href":"https:\/\/lucacastelli.com\/fr\/wp-json\/wp\/v2\/media\/439929"}],"wp:attachment":[{"href":"https:\/\/lucacastelli.com\/fr\/wp-json\/wp\/v2\/media?parent=512895"}],"wp:term":[{"taxonomy":"product_brand","embeddable":true,"href":"https:\/\/lucacastelli.com\/fr\/wp-json\/wp\/v2\/product_brand?post=512895"},{"taxonomy":"product_cat","embeddable":true,"href":"https:\/\/lucacastelli.com\/fr\/wp-json\/wp\/v2\/product_cat?post=512895"},{"taxonomy":"product_tag","embeddable":true,"href":"https:\/\/lucacastelli.com\/fr\/wp-json\/wp\/v2\/product_tag?post=512895"}],"curies":[{"name":"wp","href":"https:\/\/api.w.org\/{rel}","templated":true}]}}