{"id":512868,"date":"2025-06-02T13:20:09","date_gmt":"2025-06-02T11:20:09","guid":{"rendered":"https:\/\/lucacastelli.com\/prodotto\/stihl-t-shirt-logo-circle-orange\/"},"modified":"2025-06-02T13:20:09","modified_gmt":"2025-06-02T11:20:09","slug":"stihl-t-shirt-logo-circle-orange","status":"publish","type":"product","link":"https:\/\/lucacastelli.com\/fr\/produit\/stihl-t-shirt-logo-circle-orange\/","title":{"rendered":"STIHL T-Shirt LOGO CIRCLE orange"},"content":{"rendered":"<p>Pull \u00e0 col ras du cou en jersey de coton de haute qualit\u00e9, coupe normale,<br \/>\navec un grand logo tridimensionnel imprim\u00e9 dans notre couleur f\u00e9tiche,<br \/>\n, c&#8217;est-\u00e0-dire m\u00e9l\u00e8ze. L&#8217;\u00e9tiquette du logo \u00e0 l&#8217;int\u00e9rieur compl\u00e8te le design. <\/p>\n<p>Groupe cible Unisexe<\/p>\n","protected":false},"excerpt":{"rendered":"<p>Pull \u00e0 col ras du cou en jersey de coton de haute qualit\u00e9, coupe normale, avec un grand logo tridimensionnel<\/p>\n","protected":false},"featured_media":439884,"template":"","meta":{"_seopress_robots_primary_cat":"none","_seopress_titles_title":"","_seopress_titles_desc":"","_seopress_robots_index":""},"product_brand":[3555],"product_cat":[81,981,982],"product_tag":[3267],"class_list":{"0":"post-512868","1":"product","2":"type-product","3":"status-publish","4":"has-post-thumbnail","6":"product_brand-stihl-fr","7":"product_cat-vetements","8":"product_cat-vetements-de-loisirs","9":"product_cat-vetements-pour-hommes","10":"product_tag-import-stihl-fr","11":"sws-conto-ricavi-merci-rivendita-abbigliamento-fr","12":"sws-gruppo-iva-iva81-fr","14":"first","15":"instock","16":"shipping-taxable","17":"purchasable","18":"product-type-variable"},"_links":{"self":[{"href":"https:\/\/lucacastelli.com\/fr\/wp-json\/wp\/v2\/product\/512868","targetHints":{"allow":["GET"]}}],"collection":[{"href":"https:\/\/lucacastelli.com\/fr\/wp-json\/wp\/v2\/product"}],"about":[{"href":"https:\/\/lucacastelli.com\/fr\/wp-json\/wp\/v2\/types\/product"}],"wp:featuredmedia":[{"embeddable":true,"href":"https:\/\/lucacastelli.com\/fr\/wp-json\/wp\/v2\/media\/439884"}],"wp:attachment":[{"href":"https:\/\/lucacastelli.com\/fr\/wp-json\/wp\/v2\/media?parent=512868"}],"wp:term":[{"taxonomy":"product_brand","embeddable":true,"href":"https:\/\/lucacastelli.com\/fr\/wp-json\/wp\/v2\/product_brand?post=512868"},{"taxonomy":"product_cat","embeddable":true,"href":"https:\/\/lucacastelli.com\/fr\/wp-json\/wp\/v2\/product_cat?post=512868"},{"taxonomy":"product_tag","embeddable":true,"href":"https:\/\/lucacastelli.com\/fr\/wp-json\/wp\/v2\/product_tag?post=512868"}],"curies":[{"name":"wp","href":"https:\/\/api.w.org\/{rel}","templated":true}]}}