{"id":512852,"date":"2025-06-02T13:27:09","date_gmt":"2025-06-02T11:27:09","guid":{"rendered":"https:\/\/lucacastelli.com\/prodotto\/pantalon-stihl-advance-x-treem\/"},"modified":"2025-07-26T20:31:05","modified_gmt":"2025-07-26T18:31:05","slug":"pantalon-stihl-advance-x-treem","status":"publish","type":"product","link":"https:\/\/lucacastelli.com\/fr\/produit\/pantalon-stihl-advance-x-treem\/","title":{"rendered":"Pantalon STIHL ADVANCE X-TREEm"},"content":{"rendered":"<p>Nouveau pantalon anti-coupure unique \u00e0 STIHL avec un niveau de confort sans pr\u00e9c\u00e9dent : mat\u00e9riau ProElast sp\u00e9cialement d\u00e9velopp\u00e9 pour STIHL pour un travail moins fatigant. Optimal pour l&#8217;escalade et l&#8217;utilisation professionnelle dans des conditions extr\u00eames. Couleur noir, orange de signalisation et argent. Doublure int\u00e9rieure douce qui s\u00e8che rapidement. Gr\u00e2ce aux mat\u00e9riaux robustes, r\u00e9sistants \u00e0 la salet\u00e9 et hydrofuges au niveau de la jambe avant et du fessier, ils sont parfaits pour le travail en for\u00eat. Protection contre les tiques gr\u00e2ce \u00e0 une gu\u00eatre respirante fix\u00e9e \u00e0 la chaussure. Protection contre l&#8217;usure gr\u00e2ce \u00e0 des applications rev\u00eatues de c\u00e9ramique. Mati\u00e8re anti-coupure AVERTIC pro lite, l\u00e9g\u00e8re et particuli\u00e8rement respirante, d\u00e9velopp\u00e9e exclusivement pour STIHL, avec protection anti-coupure certifi\u00e9e (EN 381). Poches plates zipp\u00e9es sur les hanches, le bas et le haut des cuisses. Ouvertures d&#8217;a\u00e9ration zipp\u00e9es pour r\u00e9guler le climat corporel. Bretelles incluses. Avec certification de la valeur d&#8217;usage KWF.           <\/p>\n","protected":false},"excerpt":{"rendered":"<p>Nouveau pantalon anti-coupure unique \u00e0 STIHL avec un niveau de confort sans pr\u00e9c\u00e9dent : mat\u00e9riau ProElast sp\u00e9cialement d\u00e9velopp\u00e9 pour STIHL<\/p>\n","protected":false},"featured_media":512848,"template":"","meta":{"_seopress_robots_primary_cat":"none","_seopress_titles_title":"","_seopress_titles_desc":"","_seopress_robots_index":""},"product_brand":[3555],"product_cat":[81,1381],"product_tag":[3267],"class_list":{"0":"post-512852","1":"product","2":"type-product","3":"status-publish","4":"has-post-thumbnail","6":"product_brand-stihl-fr","7":"product_cat-vetements","8":"product_cat-vetements-de-travail","9":"product_tag-import-stihl-fr","10":"sws-conto-ricavi-merci-rivendita-abbigliamento-fr","11":"sws-gruppo-iva-iva81-fr","13":"first","14":"instock","15":"sale","16":"shipping-taxable","17":"purchasable","18":"product-type-variable"},"_links":{"self":[{"href":"https:\/\/lucacastelli.com\/fr\/wp-json\/wp\/v2\/product\/512852","targetHints":{"allow":["GET"]}}],"collection":[{"href":"https:\/\/lucacastelli.com\/fr\/wp-json\/wp\/v2\/product"}],"about":[{"href":"https:\/\/lucacastelli.com\/fr\/wp-json\/wp\/v2\/types\/product"}],"wp:featuredmedia":[{"embeddable":true,"href":"https:\/\/lucacastelli.com\/fr\/wp-json\/wp\/v2\/media\/512848"}],"wp:attachment":[{"href":"https:\/\/lucacastelli.com\/fr\/wp-json\/wp\/v2\/media?parent=512852"}],"wp:term":[{"taxonomy":"product_brand","embeddable":true,"href":"https:\/\/lucacastelli.com\/fr\/wp-json\/wp\/v2\/product_brand?post=512852"},{"taxonomy":"product_cat","embeddable":true,"href":"https:\/\/lucacastelli.com\/fr\/wp-json\/wp\/v2\/product_cat?post=512852"},{"taxonomy":"product_tag","embeddable":true,"href":"https:\/\/lucacastelli.com\/fr\/wp-json\/wp\/v2\/product_tag?post=512852"}],"curies":[{"name":"wp","href":"https:\/\/api.w.org\/{rel}","templated":true}]}}