{"id":512738,"date":"2025-06-02T15:44:15","date_gmt":"2025-06-02T13:44:15","guid":{"rendered":"https:\/\/lucacastelli.com\/prodotto\/polo-stihl-small-axe-noir\/"},"modified":"2025-06-02T15:44:15","modified_gmt":"2025-06-02T13:44:15","slug":"polo-stihl-small-axe-noir","status":"publish","type":"product","link":"https:\/\/lucacastelli.com\/fr\/produit\/polo-stihl-small-axe-noir\/","title":{"rendered":"Polo STIHL SMALL AXE noir"},"content":{"rendered":"<p>Le classique avec une coupe r\u00e9guli\u00e8re. Polo en coton de haute qualit\u00e9 avec poignets et col c\u00f4tel\u00e9s. Boutonni\u00e8res l\u00e9g\u00e8rement gaufr\u00e9es sur la poitrine.  <\/p>\n<p>Groupe cible Hommes<\/p>\n","protected":false},"excerpt":{"rendered":"<p>Le classique avec une coupe r\u00e9guli\u00e8re. Polo en coton de haute qualit\u00e9 avec poignets et col c\u00f4tel\u00e9s. Boutonni\u00e8res l\u00e9g\u00e8rement gaufr\u00e9es<\/p>\n","protected":false},"featured_media":440019,"template":"","meta":{"_seopress_robots_primary_cat":"none","_seopress_titles_title":"","_seopress_titles_desc":"","_seopress_robots_index":""},"product_brand":[3555],"product_cat":[81,981,982],"product_tag":[3267],"class_list":{"0":"post-512738","1":"product","2":"type-product","3":"status-publish","4":"has-post-thumbnail","6":"product_brand-stihl-fr","7":"product_cat-vetements","8":"product_cat-vetements-de-loisirs","9":"product_cat-vetements-pour-hommes","10":"product_tag-import-stihl-fr","11":"sws-conto-ricavi-merci-rivendita-abbigliamento-fr","12":"sws-gruppo-iva-iva81-fr","14":"first","15":"instock","16":"shipping-taxable","17":"purchasable","18":"product-type-variable"},"_links":{"self":[{"href":"https:\/\/lucacastelli.com\/fr\/wp-json\/wp\/v2\/product\/512738","targetHints":{"allow":["GET"]}}],"collection":[{"href":"https:\/\/lucacastelli.com\/fr\/wp-json\/wp\/v2\/product"}],"about":[{"href":"https:\/\/lucacastelli.com\/fr\/wp-json\/wp\/v2\/types\/product"}],"wp:featuredmedia":[{"embeddable":true,"href":"https:\/\/lucacastelli.com\/fr\/wp-json\/wp\/v2\/media\/440019"}],"wp:attachment":[{"href":"https:\/\/lucacastelli.com\/fr\/wp-json\/wp\/v2\/media?parent=512738"}],"wp:term":[{"taxonomy":"product_brand","embeddable":true,"href":"https:\/\/lucacastelli.com\/fr\/wp-json\/wp\/v2\/product_brand?post=512738"},{"taxonomy":"product_cat","embeddable":true,"href":"https:\/\/lucacastelli.com\/fr\/wp-json\/wp\/v2\/product_cat?post=512738"},{"taxonomy":"product_tag","embeddable":true,"href":"https:\/\/lucacastelli.com\/fr\/wp-json\/wp\/v2\/product_tag?post=512738"}],"curies":[{"name":"wp","href":"https:\/\/api.w.org\/{rel}","templated":true}]}}