{"id":512707,"date":"2025-06-01T13:20:28","date_gmt":"2025-06-01T11:20:28","guid":{"rendered":"https:\/\/lucacastelli.com\/prodotto\/t-shirt-stihl-kids-utility\/"},"modified":"2025-06-01T13:20:28","modified_gmt":"2025-06-01T11:20:28","slug":"t-shirt-stihl-kids-utility","status":"publish","type":"product","link":"https:\/\/lucacastelli.com\/fr\/produit\/t-shirt-stihl-kids-utility\/","title":{"rendered":"T-Shirt STIHL KIDS UTILITY"},"content":{"rendered":"<p>T-shirt avec poche poitrine plaqu\u00e9e, compl\u00e9t\u00e9 par un imprim\u00e9 de haute qualit\u00e9 l\u00e9g\u00e8rement gaufr\u00e9 en forme de notre tron\u00e7onneuse, \u00e9tiquette logo au dos.<br \/>\nGroupe cible Enfant<\/p>\n","protected":false},"excerpt":{"rendered":"<p>T-shirt avec poche poitrine plaqu\u00e9e, compl\u00e9t\u00e9 par un imprim\u00e9 de haute qualit\u00e9 l\u00e9g\u00e8rement gaufr\u00e9 en forme de notre tron\u00e7onneuse, \u00e9tiquette<\/p>\n","protected":false},"featured_media":440469,"template":"","meta":{"_seopress_robots_primary_cat":"none","_seopress_titles_title":"","_seopress_titles_desc":"","_seopress_robots_index":""},"product_brand":[3555],"product_cat":[81,981,1384],"product_tag":[3267],"class_list":{"0":"post-512707","1":"product","2":"type-product","3":"status-publish","4":"has-post-thumbnail","6":"product_brand-stihl-fr","7":"product_cat-vetements","8":"product_cat-vetements-de-loisirs","9":"product_cat-vetements-pour-enfants","10":"product_tag-import-stihl-fr","11":"sws-conto-ricavi-merci-rivendita-abbigliamento-fr","12":"sws-gruppo-iva-iva81-fr","14":"first","15":"instock","16":"shipping-taxable","17":"purchasable","18":"product-type-variable"},"_links":{"self":[{"href":"https:\/\/lucacastelli.com\/fr\/wp-json\/wp\/v2\/product\/512707","targetHints":{"allow":["GET"]}}],"collection":[{"href":"https:\/\/lucacastelli.com\/fr\/wp-json\/wp\/v2\/product"}],"about":[{"href":"https:\/\/lucacastelli.com\/fr\/wp-json\/wp\/v2\/types\/product"}],"wp:featuredmedia":[{"embeddable":true,"href":"https:\/\/lucacastelli.com\/fr\/wp-json\/wp\/v2\/media\/440469"}],"wp:attachment":[{"href":"https:\/\/lucacastelli.com\/fr\/wp-json\/wp\/v2\/media?parent=512707"}],"wp:term":[{"taxonomy":"product_brand","embeddable":true,"href":"https:\/\/lucacastelli.com\/fr\/wp-json\/wp\/v2\/product_brand?post=512707"},{"taxonomy":"product_cat","embeddable":true,"href":"https:\/\/lucacastelli.com\/fr\/wp-json\/wp\/v2\/product_cat?post=512707"},{"taxonomy":"product_tag","embeddable":true,"href":"https:\/\/lucacastelli.com\/fr\/wp-json\/wp\/v2\/product_tag?post=512707"}],"curies":[{"name":"wp","href":"https:\/\/api.w.org\/{rel}","templated":true}]}}