{"id":512683,"date":"2025-06-02T12:11:59","date_gmt":"2025-06-02T10:11:59","guid":{"rendered":"https:\/\/lucacastelli.com\/prodotto\/combinaisons-a-bretelles-stihl-function-ergo\/"},"modified":"2025-06-02T12:11:59","modified_gmt":"2025-06-02T10:11:59","slug":"combinaisons-a-bretelles-stihl-function-ergo","status":"publish","type":"product","link":"https:\/\/lucacastelli.com\/fr\/produit\/combinaisons-a-bretelles-stihl-function-ergo\/","title":{"rendered":"Combinaisons \u00e0 bretelles STIHL FUNCTION ERGO"},"content":{"rendered":"<p>Fabriqu\u00e9 dans un mat\u00e9riau particuli\u00e8rement robuste pour une longue dur\u00e9e de vie. Avec protection certifi\u00e9e contre les coupures (EN 381), vert de s\u00e9curit\u00e9 et orange, inserts \u00e9lastiques, inserts avec ouvertures de ventilation, renforts aux genoux, inserts r\u00e9fl\u00e9chissants pour une bonne visibilit\u00e9, poches multi-usages, deux poches ins\u00e9r\u00e9es sur le devant avec fermeture \u00e0 glissi\u00e8re. Avec certification de valeur d&#8217;usage KWF.<br \/>\n886661922413  <\/p>\n<p>PROTECTION CONTRE LES COUPURES 1<\/p>\n","protected":false},"excerpt":{"rendered":"<p>Fabriqu\u00e9 dans un mat\u00e9riau particuli\u00e8rement robuste pour une longue dur\u00e9e de vie. Avec protection certifi\u00e9e contre les coupures (EN 381),<\/p>\n","protected":false},"featured_media":512602,"template":"","meta":{"_seopress_robots_primary_cat":"none","_seopress_titles_title":"","_seopress_titles_desc":"","_seopress_robots_index":""},"product_brand":[3366],"product_cat":[21,284],"product_tag":[3265],"class_list":{"0":"post-512683","1":"product","2":"type-product","3":"status-publish","4":"has-post-thumbnail","6":"product_brand-stihl","7":"product_cat-abbigliamento","8":"product_cat-abbigliamento-da-lavoro","9":"product_tag-import-stihl","10":"sws-conto-ricavi-merci-rivendita-abbigliamento-fr","11":"sws-gruppo-iva-iva81-fr","13":"first","14":"instock","15":"sale","16":"shipping-taxable","17":"purchasable","18":"product-type-variable"},"_links":{"self":[{"href":"https:\/\/lucacastelli.com\/fr\/wp-json\/wp\/v2\/product\/512683","targetHints":{"allow":["GET"]}}],"collection":[{"href":"https:\/\/lucacastelli.com\/fr\/wp-json\/wp\/v2\/product"}],"about":[{"href":"https:\/\/lucacastelli.com\/fr\/wp-json\/wp\/v2\/types\/product"}],"wp:featuredmedia":[{"embeddable":true,"href":"https:\/\/lucacastelli.com\/fr\/wp-json\/wp\/v2\/media\/512602"}],"wp:attachment":[{"href":"https:\/\/lucacastelli.com\/fr\/wp-json\/wp\/v2\/media?parent=512683"}],"wp:term":[{"taxonomy":"product_brand","embeddable":true,"href":"https:\/\/lucacastelli.com\/fr\/wp-json\/wp\/v2\/product_brand?post=512683"},{"taxonomy":"product_cat","embeddable":true,"href":"https:\/\/lucacastelli.com\/fr\/wp-json\/wp\/v2\/product_cat?post=512683"},{"taxonomy":"product_tag","embeddable":true,"href":"https:\/\/lucacastelli.com\/fr\/wp-json\/wp\/v2\/product_tag?post=512683"}],"curies":[{"name":"wp","href":"https:\/\/api.w.org\/{rel}","templated":true}]}}