{"id":512647,"date":"2025-06-04T11:50:09","date_gmt":"2025-06-04T09:50:09","guid":{"rendered":"https:\/\/lucacastelli.com\/prodotto\/chandail-a-capuchon-stihl-kids-logo\/"},"modified":"2026-01-31T00:02:32","modified_gmt":"2026-01-30T23:02:32","slug":"chandail-a-capuchon-stihl-kids-logo","status":"publish","type":"product","link":"https:\/\/lucacastelli.com\/fr\/produit\/chandail-a-capuchon-stihl-kids-logo\/","title":{"rendered":"Chandail \u00e0 capuchon STIHL KIDS LOGO"},"content":{"rendered":"<p>En psychologie, on dit que la couleur orange remonte le moral. On ne peut pas vraiment \u00eatre de mauvaise humeur quand on voit ce sweat-shirt de couleur orange. Avec un grand logo 3D l\u00e9g\u00e8rement emboss\u00e9 sur la poitrine.  <\/p>\n<p>Groupe cible Enfant<\/p>\n","protected":false},"excerpt":{"rendered":"<p>En psychologie, on dit que la couleur orange remonte le moral. On ne peut pas vraiment \u00eatre de mauvaise humeur<\/p>\n","protected":false},"featured_media":440085,"template":"","meta":{"_seopress_robots_primary_cat":"none","_seopress_titles_title":"","_seopress_titles_desc":"","_seopress_robots_index":""},"product_brand":[3366],"product_cat":[21,189,685],"product_tag":[3265],"class_list":{"0":"post-512647","1":"product","2":"type-product","3":"status-publish","4":"has-post-thumbnail","6":"product_brand-stihl","7":"product_cat-abbigliamento","8":"product_cat-abbigliamento-per-il-tempo-libero","9":"product_cat-abbigliamento-da-bambino","10":"product_tag-import-stihl","11":"sws-conto-ricavi-merci-rivendita-abbigliamento-fr","12":"sws-gruppo-iva-iva81-fr","14":"first","15":"instock","16":"shipping-taxable","17":"purchasable","18":"product-type-variable"},"_links":{"self":[{"href":"https:\/\/lucacastelli.com\/fr\/wp-json\/wp\/v2\/product\/512647","targetHints":{"allow":["GET"]}}],"collection":[{"href":"https:\/\/lucacastelli.com\/fr\/wp-json\/wp\/v2\/product"}],"about":[{"href":"https:\/\/lucacastelli.com\/fr\/wp-json\/wp\/v2\/types\/product"}],"wp:featuredmedia":[{"embeddable":true,"href":"https:\/\/lucacastelli.com\/fr\/wp-json\/wp\/v2\/media\/440085"}],"wp:attachment":[{"href":"https:\/\/lucacastelli.com\/fr\/wp-json\/wp\/v2\/media?parent=512647"}],"wp:term":[{"taxonomy":"product_brand","embeddable":true,"href":"https:\/\/lucacastelli.com\/fr\/wp-json\/wp\/v2\/product_brand?post=512647"},{"taxonomy":"product_cat","embeddable":true,"href":"https:\/\/lucacastelli.com\/fr\/wp-json\/wp\/v2\/product_cat?post=512647"},{"taxonomy":"product_tag","embeddable":true,"href":"https:\/\/lucacastelli.com\/fr\/wp-json\/wp\/v2\/product_tag?post=512647"}],"curies":[{"name":"wp","href":"https:\/\/api.w.org\/{rel}","templated":true}]}}