{"id":512611,"date":"2025-06-04T11:54:18","date_gmt":"2025-06-04T09:54:18","guid":{"rendered":"https:\/\/lucacastelli.com\/prodotto\/t-shirt-stihl-small-axe-blanc\/"},"modified":"2025-06-04T11:54:18","modified_gmt":"2025-06-04T09:54:18","slug":"t-shirt-stihl-small-axe-blanc","status":"publish","type":"product","link":"https:\/\/lucacastelli.com\/fr\/produit\/t-shirt-stihl-small-axe-blanc\/","title":{"rendered":"T-Shirt STIHL SMALL AXE blanc"},"content":{"rendered":"<p>T-shirt d\u00e9contract\u00e9 \u00e0 coupe r\u00e9guli\u00e8re en single-jersey de coton de haute qualit\u00e9. Logo STIHL TIMBERSPORTS\u00ae : imprim\u00e9 color\u00e9, l\u00e9g\u00e8rement gaufr\u00e9, avec des haches crois\u00e9es \u00e0 la hauteur de la poitrine. <\/p>\n<p>Groupe cible Hommes<\/p>\n","protected":false},"excerpt":{"rendered":"<p>T-shirt d\u00e9contract\u00e9 \u00e0 coupe r\u00e9guli\u00e8re en single-jersey de coton de haute qualit\u00e9. Logo STIHL TIMBERSPORTS\u00ae : imprim\u00e9 color\u00e9, l\u00e9g\u00e8rement gaufr\u00e9,<\/p>\n","protected":false},"featured_media":439974,"template":"","meta":{"_seopress_robots_primary_cat":"none","_seopress_titles_title":"","_seopress_titles_desc":"","_seopress_robots_index":""},"product_brand":[3555],"product_cat":[81,981,982],"product_tag":[3267],"class_list":{"0":"post-512611","1":"product","2":"type-product","3":"status-publish","4":"has-post-thumbnail","6":"product_brand-stihl-fr","7":"product_cat-vetements","8":"product_cat-vetements-de-loisirs","9":"product_cat-vetements-pour-hommes","10":"product_tag-import-stihl-fr","11":"sws-conto-ricavi-merci-rivendita-abbigliamento-fr","12":"sws-gruppo-iva-iva81-fr","14":"first","15":"instock","16":"shipping-taxable","17":"purchasable","18":"product-type-variable"},"_links":{"self":[{"href":"https:\/\/lucacastelli.com\/fr\/wp-json\/wp\/v2\/product\/512611","targetHints":{"allow":["GET"]}}],"collection":[{"href":"https:\/\/lucacastelli.com\/fr\/wp-json\/wp\/v2\/product"}],"about":[{"href":"https:\/\/lucacastelli.com\/fr\/wp-json\/wp\/v2\/types\/product"}],"wp:featuredmedia":[{"embeddable":true,"href":"https:\/\/lucacastelli.com\/fr\/wp-json\/wp\/v2\/media\/439974"}],"wp:attachment":[{"href":"https:\/\/lucacastelli.com\/fr\/wp-json\/wp\/v2\/media?parent=512611"}],"wp:term":[{"taxonomy":"product_brand","embeddable":true,"href":"https:\/\/lucacastelli.com\/fr\/wp-json\/wp\/v2\/product_brand?post=512611"},{"taxonomy":"product_cat","embeddable":true,"href":"https:\/\/lucacastelli.com\/fr\/wp-json\/wp\/v2\/product_cat?post=512611"},{"taxonomy":"product_tag","embeddable":true,"href":"https:\/\/lucacastelli.com\/fr\/wp-json\/wp\/v2\/product_tag?post=512611"}],"curies":[{"name":"wp","href":"https:\/\/api.w.org\/{rel}","templated":true}]}}