{"id":512610,"date":"2025-06-10T13:30:01","date_gmt":"2025-06-10T11:30:01","guid":{"rendered":"https:\/\/lucacastelli.com\/prodotto\/pantalon-stihl-kids-worker\/"},"modified":"2025-06-10T13:30:01","modified_gmt":"2025-06-10T11:30:01","slug":"pantalon-stihl-kids-worker","status":"publish","type":"product","link":"https:\/\/lucacastelli.com\/fr\/produit\/pantalon-stihl-kids-worker\/","title":{"rendered":"Pantalon STIHL KIDS WORKER"},"content":{"rendered":"<p>Parfait pour les petits coquins et les grandes aventures. Ce pantalon pour enfants est extr\u00eamement robuste et dot\u00e9 d&#8217;une mati\u00e8re r\u00e9sistante \u00e0 l&#8217;abrasion au niveau des genoux. Le m\u00e9lange de coton est con\u00e7u pour les jeux en plein air et se nettoie facilement. Taille \u00e9lastique r\u00e9glable en largeur, deux poches avant \u00e0 boutons-pression, badge Tron\u00e7onneuses sur la poche de cuisse.   <\/p>\n<p>Groupe cible Enfant<\/p>\n","protected":false},"excerpt":{"rendered":"<p>Parfait pour les petits coquins et les grandes aventures. Ce pantalon pour enfants est extr\u00eamement robuste et dot\u00e9 d&#8217;une mati\u00e8re<\/p>\n","protected":false},"featured_media":512276,"template":"","meta":{"_seopress_robots_primary_cat":"none","_seopress_titles_title":"","_seopress_titles_desc":"","_seopress_robots_index":""},"product_brand":[3555],"product_cat":[81,981,1384],"product_tag":[3267],"class_list":{"0":"post-512610","1":"product","2":"type-product","3":"status-publish","4":"has-post-thumbnail","6":"product_brand-stihl-fr","7":"product_cat-vetements","8":"product_cat-vetements-de-loisirs","9":"product_cat-vetements-pour-enfants","10":"product_tag-import-stihl-fr","11":"sws-conto-ricavi-merci-rivendita-abbigliamento-fr","12":"sws-gruppo-iva-iva81-fr","14":"first","15":"instock","16":"shipping-taxable","17":"purchasable","18":"product-type-variable"},"_links":{"self":[{"href":"https:\/\/lucacastelli.com\/fr\/wp-json\/wp\/v2\/product\/512610","targetHints":{"allow":["GET"]}}],"collection":[{"href":"https:\/\/lucacastelli.com\/fr\/wp-json\/wp\/v2\/product"}],"about":[{"href":"https:\/\/lucacastelli.com\/fr\/wp-json\/wp\/v2\/types\/product"}],"wp:featuredmedia":[{"embeddable":true,"href":"https:\/\/lucacastelli.com\/fr\/wp-json\/wp\/v2\/media\/512276"}],"wp:attachment":[{"href":"https:\/\/lucacastelli.com\/fr\/wp-json\/wp\/v2\/media?parent=512610"}],"wp:term":[{"taxonomy":"product_brand","embeddable":true,"href":"https:\/\/lucacastelli.com\/fr\/wp-json\/wp\/v2\/product_brand?post=512610"},{"taxonomy":"product_cat","embeddable":true,"href":"https:\/\/lucacastelli.com\/fr\/wp-json\/wp\/v2\/product_cat?post=512610"},{"taxonomy":"product_tag","embeddable":true,"href":"https:\/\/lucacastelli.com\/fr\/wp-json\/wp\/v2\/product_tag?post=512610"}],"curies":[{"name":"wp","href":"https:\/\/api.w.org\/{rel}","templated":true}]}}