{"id":512447,"date":"2025-02-10T18:14:30","date_gmt":"2025-02-10T17:14:30","guid":{"rendered":"https:\/\/lucacastelli.com\/prodotto\/protege-tibias-protet-avec-eleastic\/"},"modified":"2025-02-10T18:14:30","modified_gmt":"2025-02-10T17:14:30","slug":"protege-tibias-protet-avec-eleastic","status":"publish","type":"product","link":"https:\/\/lucacastelli.com\/fr\/produit\/protege-tibias-protet-avec-eleastic\/","title":{"rendered":"PROT\u00c8GE-TIBIAS PROTET. AVEC ELEASTIC"},"content":{"rendered":"<p>Les prot\u00e8ge-tibias de s\u00e9curit\u00e9 sont la solution id\u00e9ale pour une protection maximale des genoux et des tibias lors de l&#8217;utilisation de d\u00e9broussailleuses, de tron\u00e7onneuses, d&#8217;\u00e9lagueuses et dans les travaux forestiers et sylvicoles en g\u00e9n\u00e9ral, aussi bien pour un usage amateur que professionnel.<\/p>\n<p>Leur protection ext\u00e9rieure robuste en poly\u00e9thyl\u00e8ne haute r\u00e9sistance est parfaite pour prot\u00e9ger contre les impacts de pierres, de graviers, d&#8217;\u00e9corces et d&#8217;autres mat\u00e9riaux durs qui pourraient nous frapper \u00e0 l&#8217;acc\u00e9l\u00e9ration et causer des blessures m\u00eame tr\u00e8s graves aux membres inf\u00e9rieurs.<\/p>\n<p>Ils sont disponibles dans une taille unique qui peut \u00eatre ajust\u00e9e \u00e0 l&#8217;aide de clips et d&#8217;\u00e9lastiques, s&#8217;adaptant ainsi \u00e0 pratiquement toutes les jambes.<\/p>\n<p>Ils s&#8217;adaptent ainsi parfaitement \u00e0 toutes les tailles et r\u00e9duisent pratiquement \u00e0 z\u00e9ro les erreurs de commande, ce qui \u00e9vite les retards de livraison d\u00e9sagr\u00e9ables dus \u00e0 la gestion des retours.<\/p>\n<p>Nos prot\u00e8ge-tibias pour la sylviculture et les travaux forestiers sont la protection id\u00e9ale pour les genoux et les tibias. Il s&#8217;agit d&#8217;un produit de s\u00e9curit\u00e9 professionnelle de cat\u00e9gorie 1 dont la r\u00e9sistance \u00e0 l&#8217;impact est certifi\u00e9e par la norme europ\u00e9enne EN 14021 (2003) avec une valeur moyenne de 8,18 kN.<\/p>\n","protected":false},"excerpt":{"rendered":"<p>Les prot\u00e8ge-tibias de s\u00e9curit\u00e9 sont la solution id\u00e9ale pour une protection maximale des genoux et des tibias lors de l&#8217;utilisation<\/p>\n","protected":false},"featured_media":96580,"template":"","meta":{"_seopress_robots_primary_cat":"","_seopress_titles_title":"","_seopress_titles_desc":"","_seopress_robots_index":""},"product_brand":[3411],"product_cat":[21,284],"product_tag":[],"class_list":{"0":"post-512447","1":"product","2":"type-product","3":"status-publish","4":"has-post-thumbnail","6":"product_brand-luca-castelli-legnami","7":"product_cat-abbigliamento","8":"product_cat-abbigliamento-da-lavoro","10":"first","11":"instock","12":"shipping-taxable","13":"purchasable","14":"product-type-simple"},"_links":{"self":[{"href":"https:\/\/lucacastelli.com\/fr\/wp-json\/wp\/v2\/product\/512447","targetHints":{"allow":["GET"]}}],"collection":[{"href":"https:\/\/lucacastelli.com\/fr\/wp-json\/wp\/v2\/product"}],"about":[{"href":"https:\/\/lucacastelli.com\/fr\/wp-json\/wp\/v2\/types\/product"}],"wp:featuredmedia":[{"embeddable":true,"href":"https:\/\/lucacastelli.com\/fr\/wp-json\/wp\/v2\/media\/96580"}],"wp:attachment":[{"href":"https:\/\/lucacastelli.com\/fr\/wp-json\/wp\/v2\/media?parent=512447"}],"wp:term":[{"taxonomy":"product_brand","embeddable":true,"href":"https:\/\/lucacastelli.com\/fr\/wp-json\/wp\/v2\/product_brand?post=512447"},{"taxonomy":"product_cat","embeddable":true,"href":"https:\/\/lucacastelli.com\/fr\/wp-json\/wp\/v2\/product_cat?post=512447"},{"taxonomy":"product_tag","embeddable":true,"href":"https:\/\/lucacastelli.com\/fr\/wp-json\/wp\/v2\/product_tag?post=512447"}],"curies":[{"name":"wp","href":"https:\/\/api.w.org\/{rel}","templated":true}]}}