{"id":512444,"date":"2023-12-14T11:03:46","date_gmt":"2023-12-14T10:03:46","guid":{"rendered":"https:\/\/lucacastelli.com\/prodotto\/chaines-a-neige-grizzlar-gtl-331\/"},"modified":"2023-12-14T11:03:46","modified_gmt":"2023-12-14T10:03:46","slug":"chaines-a-neige-grizzlar-gtl-331","status":"publish","type":"product","link":"https:\/\/lucacastelli.com\/fr\/produit\/chaines-a-neige-grizzlar-gtl-331\/","title":{"rendered":"Cha\u00eenes \u00e0 neige Grizzlar GTL-331"},"content":{"rendered":"<p>CHA\u00ceNES<\/p>\n<p>TAILLE DU PNEU : <\/p>\n<p>5.30\/4.50&#215;6<br \/>\n14&#215;5.00-6<br \/>\n14&#215;5.30-6<br \/>\n15&#215;3.5-6<br \/>\n13&#215;4.00-8<\/p>\n<p>Quantit\u00e9 : 1 paire<\/p>\n","protected":false},"excerpt":{"rendered":"<p>CHA\u00ceNES TAILLE DU PNEU : 5.30\/4.50&#215;6 14&#215;5.00-6 14&#215;5.30-6 15&#215;3.5-6 13&#215;4.00-8 Quantit\u00e9 : 1 paire<\/p>\n","protected":false},"featured_media":57664,"template":"","meta":{"_seopress_robots_primary_cat":"","_seopress_titles_title":"","_seopress_titles_desc":"","_seopress_robots_index":""},"product_brand":[3411],"product_cat":[29,514,559],"product_tag":[],"class_list":{"0":"post-512444","1":"product","2":"type-product","3":"status-publish","4":"has-post-thumbnail","6":"product_brand-luca-castelli-legnami","7":"product_cat-macchinari","8":"product_cat-altri-dispositivi","9":"product_cat-frese-neve","11":"first","12":"instock","13":"shipping-taxable","14":"purchasable","15":"product-type-simple"},"_links":{"self":[{"href":"https:\/\/lucacastelli.com\/fr\/wp-json\/wp\/v2\/product\/512444","targetHints":{"allow":["GET"]}}],"collection":[{"href":"https:\/\/lucacastelli.com\/fr\/wp-json\/wp\/v2\/product"}],"about":[{"href":"https:\/\/lucacastelli.com\/fr\/wp-json\/wp\/v2\/types\/product"}],"wp:featuredmedia":[{"embeddable":true,"href":"https:\/\/lucacastelli.com\/fr\/wp-json\/wp\/v2\/media\/57664"}],"wp:attachment":[{"href":"https:\/\/lucacastelli.com\/fr\/wp-json\/wp\/v2\/media?parent=512444"}],"wp:term":[{"taxonomy":"product_brand","embeddable":true,"href":"https:\/\/lucacastelli.com\/fr\/wp-json\/wp\/v2\/product_brand?post=512444"},{"taxonomy":"product_cat","embeddable":true,"href":"https:\/\/lucacastelli.com\/fr\/wp-json\/wp\/v2\/product_cat?post=512444"},{"taxonomy":"product_tag","embeddable":true,"href":"https:\/\/lucacastelli.com\/fr\/wp-json\/wp\/v2\/product_tag?post=512444"}],"curies":[{"name":"wp","href":"https:\/\/api.w.org\/{rel}","templated":true}]}}