{"id":512431,"date":"2023-05-12T10:09:57","date_gmt":"2023-05-12T08:09:57","guid":{"rendered":"https:\/\/lucacastelli.com\/prodotto\/ptw-wt-warnschutzweste-mit-rv\/"},"modified":"2023-05-12T10:09:57","modified_gmt":"2023-05-12T08:09:57","slug":"ptw-wt-warnschutzweste-mit-rv","status":"publish","type":"product","link":"https:\/\/lucacastelli.com\/fr\/produit\/ptw-wt-warnschutzweste-mit-rv\/","title":{"rendered":"PTW-WT Warnschutzweste mit RV"},"content":{"rendered":"<p>PTW-WT Gilet haute visibilit\u00e9, avec bandes r\u00e9fl\u00e9chissantes sur les \u00e9paules, longue fermeture \u00e0 glissi\u00e8re, 2 poches plaqu\u00e9es sur la poitrine avec rabat, fen\u00eatre d&#8217;identification sur la poche droite, 1 poche pochette avec rabat, 1 poche plaqu\u00e9e avec s\u00e9parateurs suppl\u00e9mentaires.<\/p>\n<p>Cat\u00e9gorie d&#8217;EPI : Cat. II <\/p>\n<p>Mati\u00e8re : 65% polyester \/ 35% coton<\/p>\n<p>Normes : EN ISO 13688 : 2013 \/ EN ISO 20471 : 2013 + A1 : 2016 Classe 2.<\/p>\n<p>orange fluorescent<\/p>\n","protected":false},"excerpt":{"rendered":"<p>PTW-WT Gilet haute visibilit\u00e9, avec bandes r\u00e9fl\u00e9chissantes sur les \u00e9paules, longue fermeture \u00e0 glissi\u00e8re, 2 poches plaqu\u00e9es sur la poitrine<\/p>\n","protected":false},"featured_media":44485,"template":"","meta":{"_seopress_robots_primary_cat":"","_seopress_titles_title":"","_seopress_titles_desc":"","_seopress_robots_index":""},"product_brand":[3652],"product_cat":[81,1381],"product_tag":[],"class_list":{"0":"post-512431","1":"product","2":"type-product","3":"status-publish","4":"has-post-thumbnail","6":"product_brand-luca-castelli-legnami-fr","7":"product_cat-vetements","8":"product_cat-vetements-de-travail","10":"first","11":"instock","12":"shipping-taxable","13":"purchasable","14":"product-type-variable"},"_links":{"self":[{"href":"https:\/\/lucacastelli.com\/fr\/wp-json\/wp\/v2\/product\/512431","targetHints":{"allow":["GET"]}}],"collection":[{"href":"https:\/\/lucacastelli.com\/fr\/wp-json\/wp\/v2\/product"}],"about":[{"href":"https:\/\/lucacastelli.com\/fr\/wp-json\/wp\/v2\/types\/product"}],"wp:featuredmedia":[{"embeddable":true,"href":"https:\/\/lucacastelli.com\/fr\/wp-json\/wp\/v2\/media\/44485"}],"wp:attachment":[{"href":"https:\/\/lucacastelli.com\/fr\/wp-json\/wp\/v2\/media?parent=512431"}],"wp:term":[{"taxonomy":"product_brand","embeddable":true,"href":"https:\/\/lucacastelli.com\/fr\/wp-json\/wp\/v2\/product_brand?post=512431"},{"taxonomy":"product_cat","embeddable":true,"href":"https:\/\/lucacastelli.com\/fr\/wp-json\/wp\/v2\/product_cat?post=512431"},{"taxonomy":"product_tag","embeddable":true,"href":"https:\/\/lucacastelli.com\/fr\/wp-json\/wp\/v2\/product_tag?post=512431"}],"curies":[{"name":"wp","href":"https:\/\/api.w.org\/{rel}","templated":true}]}}