{"id":512403,"date":"2022-11-21T09:15:12","date_gmt":"2022-11-21T08:15:12","guid":{"rendered":"https:\/\/lucacastelli.com\/prodotto\/piste-de-puissance-active-1350\/"},"modified":"2022-11-21T09:15:12","modified_gmt":"2022-11-21T08:15:12","slug":"piste-de-puissance-active-1350","status":"publish","type":"product","link":"https:\/\/lucacastelli.com\/fr\/produit\/piste-de-puissance-active-1350\/","title":{"rendered":"PISTE DE PUISSANCE ACTIVE 1350"},"content":{"rendered":"<p>Chariot \u00e9l\u00e9vateur professionnel avec une capacit\u00e9 de charge de 350 kg. Disponible avec un corps extensible.   <\/p>\n<p>CARACT\u00c9RISTIQUES TECHNIQUES :<\/p>\n<p>Moteur : Honda GX160<br \/>\nCylindr\u00e9e : 163 CC<br \/>\nPuissance (HP\/kW) : 4,8\/3,6<br \/>\nAllumage : auto-r\u00e9cup\u00e9rateur<br \/>\nCarburant : Essence verte<br \/>\nTransmission : 2 AV + 1 RM<br \/>\nEmbrayage : Tension m\u00e9canique de la courroie<br \/>\nFrein : Frein de stationnement \u00e0 expansion interne<br \/>\nPression du sol (\u00e0 vide\/en charge Kg\/cm2) : N.D.<br \/>\nPente maximale \u00e0 vide : 25\u00b0<br \/>\nPente maximale \u00e0 pleine charge : 15\u00b0<br \/>\nBenne basculante : manuelle<br \/>\nPoids (Kg) : 175  <\/p>\n<p>VITESSE (Km\/h) :<\/p>\n<p>1 AV : 1.9<br \/>\n2 AV : 3.9<br \/>\n3 AV :<br \/>\n1 RM : 1.8<br \/>\n2 RM :<\/p>\n<p>EMPREINTE MAXIMALE :<\/p>\n<p>Largeur (mm) : 590<br \/>\nLongueur (mm) : 1835<br \/>\nHauteur (mm) : 1050<\/p>\n<p>CRAWLER :<\/p>\n<p>Longueur des chenilles (mm) : 580<br \/>\nLargeur des chenilles (mm) : 180<br \/>\nLargeur des chenilles (mm) : 450<br \/>\nChenilles (largeur x pas x dents) : 180 x 60 x 34<br \/>\nHauteur minimale au-dessus du sol (mm) : 80<\/p>\n<p>CAISSON EXTENSIBLE :<\/p>\n<p>Largeur de \/ \u00e0 (mm) : 590 &#8211; 840<br \/>\nLongueur de \/ \u00e0 (mm) : 935 &#8211; 1500<br \/>\nHauteur int\u00e9rieure (mm) : 210<\/p>\n","protected":false},"excerpt":{"rendered":"<p>Chariot \u00e9l\u00e9vateur professionnel avec une capacit\u00e9 de charge de 350 kg. Disponible avec un corps extensible. CARACT\u00c9RISTIQUES TECHNIQUES : Moteur<\/p>\n","protected":false},"featured_media":54512,"template":"","meta":{"_seopress_robots_primary_cat":"","_seopress_titles_title":"","_seopress_titles_desc":"","_seopress_robots_index":""},"product_brand":[4410],"product_cat":[1453,1525,167],"product_tag":[],"class_list":{"0":"post-512403","1":"product","2":"type-product","3":"status-publish","4":"has-post-thumbnail","6":"product_brand-active-fr","7":"product_cat-autres-appareils","8":"product_cat-brouettes","9":"product_cat-machines","10":"sws-gruppo-macchinari-fr","11":"sws-conto-ricavi-merci-rivendita-macchinari-fr","12":"sws-gruppo-iva-iva81-fr","14":"first","15":"onbackorder","16":"shipping-taxable","17":"purchasable","18":"product-type-simple"},"_links":{"self":[{"href":"https:\/\/lucacastelli.com\/fr\/wp-json\/wp\/v2\/product\/512403","targetHints":{"allow":["GET"]}}],"collection":[{"href":"https:\/\/lucacastelli.com\/fr\/wp-json\/wp\/v2\/product"}],"about":[{"href":"https:\/\/lucacastelli.com\/fr\/wp-json\/wp\/v2\/types\/product"}],"wp:featuredmedia":[{"embeddable":true,"href":"https:\/\/lucacastelli.com\/fr\/wp-json\/wp\/v2\/media\/54512"}],"wp:attachment":[{"href":"https:\/\/lucacastelli.com\/fr\/wp-json\/wp\/v2\/media?parent=512403"}],"wp:term":[{"taxonomy":"product_brand","embeddable":true,"href":"https:\/\/lucacastelli.com\/fr\/wp-json\/wp\/v2\/product_brand?post=512403"},{"taxonomy":"product_cat","embeddable":true,"href":"https:\/\/lucacastelli.com\/fr\/wp-json\/wp\/v2\/product_cat?post=512403"},{"taxonomy":"product_tag","embeddable":true,"href":"https:\/\/lucacastelli.com\/fr\/wp-json\/wp\/v2\/product_tag?post=512403"}],"curies":[{"name":"wp","href":"https:\/\/api.w.org\/{rel}","templated":true}]}}