{"id":512401,"date":"2022-07-07T15:31:13","date_gmt":"2022-07-07T13:31:13","guid":{"rendered":"https:\/\/lucacastelli.com\/prodotto\/scarificateur-active-ac-500\/"},"modified":"2022-07-07T15:31:13","modified_gmt":"2022-07-07T13:31:13","slug":"scarificateur-active-ac-500","status":"publish","type":"product","link":"https:\/\/lucacastelli.com\/fr\/produit\/scarificateur-active-ac-500\/","title":{"rendered":"Scarificateur ACTIVE AC 500"},"content":{"rendered":"<p>Scarificateur professionnel, compact et fiable. La construction robuste emp\u00eache toute flexion du ch\u00e2ssis, ce qui permet un travail extr\u00eamement pr\u00e9cis. Le rouleau fixe et le rouleau mobile sont interchangeables, et la profondeur de travail peut \u00eatre r\u00e9gl\u00e9e millim\u00e9triquement en fonction des diff\u00e9rentes exigences. L&#8217;entra\u00eenement du rotor est assur\u00e9 par une double poulie et une double courroie. Le guidon est pliable pour faciliter le transport. Le panier de collecte est disponible sur demande.     <\/p>\n<p>SP\u00c9CIFICATIONS DU MOTEUR :<\/p>\n<p>Moteur : HONDA GX160<br \/>\nPuissance du moteur : 3,6 KW (4,8 Hp)<br \/>\nFiltre moteur : \u00e0 bain d&#8217;huile<br \/>\nLargeur de travail : 50 cm<br \/>\nHauteur de coupe : r\u00e9glage millim\u00e9trique avec position de transfert<br \/>\nSyst\u00e8me de coupe : rotor \u00e0 4 secteurs avec lames mobiles<br \/>\nNombre de lames : 48<br \/>\nDistance entre les lames : 20 mm<br \/>\n\u00c9paisseur des lames : 3 mm<br \/>\nDIMENSIONS ET POIDS<\/p>\n<p>Avance : Push-pull<br \/>\nTransmission : Entra\u00eenement par courroie<br \/>\nD\u00e9marreur : Recoil<br \/>\nGuidon : Pliable et r\u00e9glable en hauteur<br \/>\nRoues : Caoutchouc plein<br \/>\nDimensions des roues : Avant : \u00d8 200 &#8211; Arri\u00e8re : \u00d8 250<br \/>\nDimensions (mm) : 1400x690x1090<br \/>\nPoids (Kg) : 74<br \/>\nDisposition du panier de r\u00e9colte : Oui<br \/>\nSur demande :<\/p>\n<p>Kit de couteaux fixes (Code : 025178)<br \/>\nPanier (lt) : 70 (Code : 025177)<\/p>\n","protected":false},"excerpt":{"rendered":"<p>Scarificateur professionnel, compact et fiable. La construction robuste emp\u00eache toute flexion du ch\u00e2ssis, ce qui permet un travail extr\u00eamement pr\u00e9cis.<\/p>\n","protected":false},"featured_media":53308,"template":"","meta":{"_seopress_robots_primary_cat":"","_seopress_titles_title":"","_seopress_titles_desc":"","_seopress_robots_index":""},"product_brand":[4410],"product_cat":[167,1657,1667,1671],"product_tag":[],"class_list":{"0":"post-512401","1":"product","2":"type-product","3":"status-publish","4":"has-post-thumbnail","6":"product_brand-active-fr","7":"product_cat-machines","8":"product_cat-tondeuses-et-robots","9":"product_cat-aerateurs-de-pelouse","10":"product_cat-tondeuses-a-moteur","11":"sws-gruppo-macchinari-fr","12":"sws-conto-ricavi-merci-rivendita-macchinari-fr","13":"sws-gruppo-iva-iva81-fr","15":"first","16":"onbackorder","17":"shipping-taxable","18":"purchasable","19":"product-type-simple"},"_links":{"self":[{"href":"https:\/\/lucacastelli.com\/fr\/wp-json\/wp\/v2\/product\/512401","targetHints":{"allow":["GET"]}}],"collection":[{"href":"https:\/\/lucacastelli.com\/fr\/wp-json\/wp\/v2\/product"}],"about":[{"href":"https:\/\/lucacastelli.com\/fr\/wp-json\/wp\/v2\/types\/product"}],"wp:featuredmedia":[{"embeddable":true,"href":"https:\/\/lucacastelli.com\/fr\/wp-json\/wp\/v2\/media\/53308"}],"wp:attachment":[{"href":"https:\/\/lucacastelli.com\/fr\/wp-json\/wp\/v2\/media?parent=512401"}],"wp:term":[{"taxonomy":"product_brand","embeddable":true,"href":"https:\/\/lucacastelli.com\/fr\/wp-json\/wp\/v2\/product_brand?post=512401"},{"taxonomy":"product_cat","embeddable":true,"href":"https:\/\/lucacastelli.com\/fr\/wp-json\/wp\/v2\/product_cat?post=512401"},{"taxonomy":"product_tag","embeddable":true,"href":"https:\/\/lucacastelli.com\/fr\/wp-json\/wp\/v2\/product_tag?post=512401"}],"curies":[{"name":"wp","href":"https:\/\/api.w.org\/{rel}","templated":true}]}}