{"id":512400,"date":"2022-06-13T08:03:31","date_gmt":"2022-06-13T06:03:31","guid":{"rendered":"https:\/\/lucacastelli.com\/prodotto\/active-power-track-1460-h\/"},"modified":"2022-06-13T08:03:31","modified_gmt":"2022-06-13T06:03:31","slug":"active-power-track-1460-h","status":"publish","type":"product","link":"https:\/\/lucacastelli.com\/fr\/produit\/active-power-track-1460-h\/","title":{"rendered":"ACTIVE POWER TRACK 1460-H"},"content":{"rendered":"<p>Transporteur multifonctionnel avec de multiples applications pour tous les besoins.<\/p>\n<p>Id\u00e9al pour les traitements cibl\u00e9s et s\u00e9lectifs sur la v\u00e9g\u00e9tation et les cultures entre les rangs lorsque l&#8217;espace est limit\u00e9 et le terrain difficile. Une valve pratique permet de r\u00e9gler pr\u00e9cis\u00e9ment la pression en fonction du type d&#8217;utilisation. Le grand r\u00e9servoir garantit une grande autonomie de fonctionnement.  <\/p>\n<p>Sans plateforme et avec KIT PTO + KIT SPRAYER<\/p>\n<p>DONN\u00c9ES TECHNIQUES<\/p>\n<p>DEBIT MAXI : 35 litres\/min<br \/>\nCAPACITE DU RESERVOIR : 200 litres<br \/>\nPOMPE : membrane<br \/>\nHAUTEUR MINIMALE DU SOL : 65 mm<br \/>\nPRESSION MAXIMALE : 40 bar<br \/>\nCHARGE 1460 + KIT : 210 kg<br \/>\nDIMENSION MAXIMALE : 670 mm x 2100 mm x 1160 mm (h)<br \/>\nPRESSION DU SOL KG\/CM2 : Drainage : 0,090 Charge : 0,135  <\/p>\n<p>CARACT\u00c9RISTIQUES TECHNIQUES :<\/p>\n<p>Moteur : Mitsubishi GB181<br \/>\nType de moteur : 4 temps, monocylindre, refroidi par air avec soupapes en t\u00eate OHV<br \/>\nCylindr\u00e9e : 181 CC<br \/>\nPuissance (hp\/kW) : 6,3\/4,6<br \/>\nAllumage : allumage \u00e0 rappel automatique<br \/>\nAlimentation en carburant : essence verte<br \/>\nCapacit\u00e9 du r\u00e9servoir (l) : 3,6<br \/>\nTransmission : 3 AV + 2 RM<br \/>\nRoue dent\u00e9e de traction : acier<br \/>\nEmbrayage : Tension m\u00e9canique de la courroie<br \/>\nFrein : frein de stationnement \u00e0 expansion interne<br \/>\nPression du sol (d\u00e9charge\/charge Kg\/cm2) : 0,066\/0,218<br \/>\nPente maximale \u00e0 vide : 25<br \/>\nPente maximale \u00e0 pleine charge : 15<br \/>\nBenne basculante : manuelle \/ hydraulique (H)<br \/>\nPoids (Kg) : 190 \/ 200 (H)<br \/>\nVITESSE (Km\/h) :<\/p>\n<p>1 AV : 1.93<br \/>\n2 AV : 3.87<br \/>\n3 AV : 6.0<br \/>\n1 RM : 1.84<br \/>\n2 RM : 3.68<br \/>\nENCOMBREMENT MAXIMAL<\/p>\n<p>Largeur (mm) : 670<br \/>\nLongueur (mm) : 1670<br \/>\nHauteur (mm) : 1000<\/p>\n","protected":false},"excerpt":{"rendered":"<p>Transporteur multifonctionnel avec de multiples applications pour tous les besoins. Id\u00e9al pour les traitements cibl\u00e9s et s\u00e9lectifs sur la v\u00e9g\u00e9tation<\/p>\n","protected":false},"featured_media":52186,"template":"","meta":{"_seopress_robots_primary_cat":"","_seopress_titles_title":"","_seopress_titles_desc":"","_seopress_robots_index":""},"product_brand":[4410],"product_cat":[1453,167,1516],"product_tag":[],"class_list":{"0":"post-512400","1":"product","2":"type-product","3":"status-publish","4":"has-post-thumbnail","6":"product_brand-active-fr","7":"product_cat-autres-appareils","8":"product_cat-machines","9":"product_cat-pulverisateurs","10":"sws-gruppo-macchinari-fr","11":"sws-conto-ricavi-merci-rivendita-macchinari-fr","12":"sws-gruppo-iva-iva81-fr","14":"first","15":"onbackorder","16":"shipping-taxable","17":"purchasable","18":"product-type-simple"},"_links":{"self":[{"href":"https:\/\/lucacastelli.com\/fr\/wp-json\/wp\/v2\/product\/512400","targetHints":{"allow":["GET"]}}],"collection":[{"href":"https:\/\/lucacastelli.com\/fr\/wp-json\/wp\/v2\/product"}],"about":[{"href":"https:\/\/lucacastelli.com\/fr\/wp-json\/wp\/v2\/types\/product"}],"wp:featuredmedia":[{"embeddable":true,"href":"https:\/\/lucacastelli.com\/fr\/wp-json\/wp\/v2\/media\/52186"}],"wp:attachment":[{"href":"https:\/\/lucacastelli.com\/fr\/wp-json\/wp\/v2\/media?parent=512400"}],"wp:term":[{"taxonomy":"product_brand","embeddable":true,"href":"https:\/\/lucacastelli.com\/fr\/wp-json\/wp\/v2\/product_brand?post=512400"},{"taxonomy":"product_cat","embeddable":true,"href":"https:\/\/lucacastelli.com\/fr\/wp-json\/wp\/v2\/product_cat?post=512400"},{"taxonomy":"product_tag","embeddable":true,"href":"https:\/\/lucacastelli.com\/fr\/wp-json\/wp\/v2\/product_tag?post=512400"}],"curies":[{"name":"wp","href":"https:\/\/api.w.org\/{rel}","templated":true}]}}