{"id":512238,"date":"2025-05-31T22:59:48","date_gmt":"2025-05-31T20:59:48","guid":{"rendered":"https:\/\/lucacastelli.com\/prodotto\/alimentation-portable-stihl-ps-3000\/"},"modified":"2025-05-31T22:59:48","modified_gmt":"2025-05-31T20:59:48","slug":"alimentation-portable-stihl-ps-3000","status":"publish","type":"product","link":"https:\/\/lucacastelli.com\/fr\/produit\/alimentation-portable-stihl-ps-3000\/","title":{"rendered":"Alimentation portable STIHL PS 3000"},"content":{"rendered":"<p>ALIMENTATION PORTABLE PS 3000 : POUR L&#8217;UTILISATION D&#8217;APPAREILS \u00c9LECTRIQUES HORS DE PORT\u00c9E D&#8217;UNE ALIMENTATION SECTEUR<\/p>\n<p>Avec le bloc d&#8217;alimentation mobile STIHL PS 3000, vous disposez d&#8217;une alimentation \u00e9lectrique partout o\u00f9 vous en avez besoin pour faire fonctionner votre \u00e9quipement. Cela signifie que vous pouvez travailler hors r\u00e9seau dans le domaine du jardinage et de l&#8217;am\u00e9nagement paysager, des travaux municipaux ou de la gestion des plantes. Par exemple, vous pouvez profiter de cette alternative silencieuse et sans \u00e9missions \u00e0 une g\u00e9n\u00e9ratrice \u00e0 essence pour effectuer des travaux de r\u00e9paration et de nettoyage \u00e0 l&#8217;ext\u00e9rieur et pour faire fonctionner les pompes \u00e0 eau STIHL ou les nettoyeurs \u00e0 haute pression.  <\/p>\n<p>Avec un contenu \u00e9nerg\u00e9tique de 2,1 kWh et une puissance continue \u00e9lev\u00e9e de 3,6 kW, ce g\u00e9n\u00e9rateur de courant peut \u00eatre utilis\u00e9 pour faire fonctionner des outils filaires puissants, m\u00eame en cas d&#8217;utilisation prolong\u00e9e. En outre, les batteries peuvent \u00eatre recharg\u00e9es rapidement et facilement pendant les d\u00e9placements. Pour ce faire, les appareils ou les chargeurs sont branch\u00e9s directement via la prise Schuko 230 V disponible sur le PS 3000. Il est \u00e9galement possible d&#8217;utiliser les 2 connecteurs Neutrik powerCON. Un \u00e9cran de charge et d&#8217;\u00e9tat indique en un coup d&#8217;\u0153il la capacit\u00e9 restante de l&#8217;alimentation portable STIHL PS 3000.    <\/p>\n<p>L&#8217;alimentation portable a un design compact avec un cadre stable et plusieurs positions de poign\u00e9e. Gr\u00e2ce \u00e0 son poids de 19,8 kg, elle peut \u00eatre facilement transport\u00e9e jusqu&#8217;au lieu d&#8217;utilisation souhait\u00e9. Gr\u00e2ce \u00e0 sa protection IP54 contre la poussi\u00e8re et les projections d&#8217;eau, le bo\u00eetier peut \u00e9galement \u00eatre utilis\u00e9 sous la pluie.  <\/p>\n<p>Alimentation \u00e9lectrique mobile sans \u00e9missions et sans bruit<br \/>\nBatterie de 2,1 kWh pour un poids de 19,8 kg<br \/>\nPour une utilisation professionnelle dans le domaine du jardinage, de l&#8217;am\u00e9nagement paysager et des communes<br \/>\nAvec prise Schuko 230 V<br \/>\nPeut \u00e9galement \u00eatre utilis\u00e9e sous la pluie gr\u00e2ce \u00e0 sa construction robuste et \u00e0 son indice de protection IP54.<\/p>\n<p>\u00c9QUIPEMENT ET FONCTIONNEMENT<br \/>\nLes illustrations sont des photos d&#8217;exemple. L&#8217;apparence et la fixation r\u00e9elle des caract\u00e9ristiques de l&#8217;\u00e9quipement sur le produit peuvent diff\u00e9rer des repr\u00e9sentations illustr\u00e9es, bien que la fonctionnalit\u00e9 soit la m\u00eame. <\/p>\n","protected":false},"excerpt":{"rendered":"<p>PS 3000<\/p>\n","protected":false},"featured_media":423974,"template":"","meta":{"_seopress_robots_primary_cat":"none","_seopress_titles_title":"","_seopress_titles_desc":"","_seopress_robots_index":""},"product_brand":[3554],"product_cat":[169,1449],"product_tag":[3266],"class_list":{"0":"post-512238","1":"product","2":"type-product","3":"status-publish","4":"has-post-thumbnail","6":"product_brand-stihl-de","7":"product_cat-maschinen","8":"product_cat-batteriesysteme-zubehor","9":"product_tag-import-stihl-de","10":"sws-gruppo-macchinari-fr","11":"sws-conto-ricavi-merci-rivendita-macchinari-fr","12":"sws-gruppo-iva-iva81-fr","14":"first","15":"onbackorder","16":"purchasable","17":"product-type-simple"},"_links":{"self":[{"href":"https:\/\/lucacastelli.com\/fr\/wp-json\/wp\/v2\/product\/512238","targetHints":{"allow":["GET"]}}],"collection":[{"href":"https:\/\/lucacastelli.com\/fr\/wp-json\/wp\/v2\/product"}],"about":[{"href":"https:\/\/lucacastelli.com\/fr\/wp-json\/wp\/v2\/types\/product"}],"wp:featuredmedia":[{"embeddable":true,"href":"https:\/\/lucacastelli.com\/fr\/wp-json\/wp\/v2\/media\/423974"}],"wp:attachment":[{"href":"https:\/\/lucacastelli.com\/fr\/wp-json\/wp\/v2\/media?parent=512238"}],"wp:term":[{"taxonomy":"product_brand","embeddable":true,"href":"https:\/\/lucacastelli.com\/fr\/wp-json\/wp\/v2\/product_brand?post=512238"},{"taxonomy":"product_cat","embeddable":true,"href":"https:\/\/lucacastelli.com\/fr\/wp-json\/wp\/v2\/product_cat?post=512238"},{"taxonomy":"product_tag","embeddable":true,"href":"https:\/\/lucacastelli.com\/fr\/wp-json\/wp\/v2\/product_tag?post=512238"}],"curies":[{"name":"wp","href":"https:\/\/api.w.org\/{rel}","templated":true}]}}