{"id":512231,"date":"2025-06-01T12:49:32","date_gmt":"2025-06-01T10:49:32","guid":{"rendered":"https:\/\/lucacastelli.com\/prodotto\/t-shirt-stihl-logo-noir\/"},"modified":"2025-06-01T12:49:32","modified_gmt":"2025-06-01T10:49:32","slug":"t-shirt-stihl-logo-noir","status":"publish","type":"product","link":"https:\/\/lucacastelli.com\/fr\/produit\/t-shirt-stihl-logo-noir\/","title":{"rendered":"T-Shirt STIHL LOGO NOIR"},"content":{"rendered":"<p>Le t-shirt des fans de STIHL n&#8217;a rien \u00e0 voir avec l&#8217;euph\u00e9misme. Au contraire : il s&#8217;agit d&#8217;un engagement clair envers la marque, apr\u00e8s tout, le porteur pr\u00e9sente fi\u00e8rement le logo, ton sur ton en noir ou en blanc, sur la poitrine. <\/p>\n<p>Groupe cible Hommes<\/p>\n","protected":false},"excerpt":{"rendered":"<p>Le t-shirt des fans de STIHL n&#8217;a rien \u00e0 voir avec l&#8217;euph\u00e9misme. Au contraire : il s&#8217;agit d&#8217;un engagement clair<\/p>\n","protected":false},"featured_media":440424,"template":"","meta":{"_seopress_robots_primary_cat":"none","_seopress_titles_title":"","_seopress_titles_desc":"","_seopress_robots_index":""},"product_brand":[3555],"product_cat":[81,981,982],"product_tag":[3267],"class_list":{"0":"post-512231","1":"product","2":"type-product","3":"status-publish","4":"has-post-thumbnail","6":"product_brand-stihl-fr","7":"product_cat-vetements","8":"product_cat-vetements-de-loisirs","9":"product_cat-vetements-pour-hommes","10":"product_tag-import-stihl-fr","11":"sws-conto-ricavi-merci-rivendita-abbigliamento-fr","12":"sws-gruppo-iva-iva81-fr","14":"first","15":"outofstock","16":"shipping-taxable","17":"purchasable","18":"product-type-variable"},"_links":{"self":[{"href":"https:\/\/lucacastelli.com\/fr\/wp-json\/wp\/v2\/product\/512231","targetHints":{"allow":["GET"]}}],"collection":[{"href":"https:\/\/lucacastelli.com\/fr\/wp-json\/wp\/v2\/product"}],"about":[{"href":"https:\/\/lucacastelli.com\/fr\/wp-json\/wp\/v2\/types\/product"}],"wp:featuredmedia":[{"embeddable":true,"href":"https:\/\/lucacastelli.com\/fr\/wp-json\/wp\/v2\/media\/440424"}],"wp:attachment":[{"href":"https:\/\/lucacastelli.com\/fr\/wp-json\/wp\/v2\/media?parent=512231"}],"wp:term":[{"taxonomy":"product_brand","embeddable":true,"href":"https:\/\/lucacastelli.com\/fr\/wp-json\/wp\/v2\/product_brand?post=512231"},{"taxonomy":"product_cat","embeddable":true,"href":"https:\/\/lucacastelli.com\/fr\/wp-json\/wp\/v2\/product_cat?post=512231"},{"taxonomy":"product_tag","embeddable":true,"href":"https:\/\/lucacastelli.com\/fr\/wp-json\/wp\/v2\/product_tag?post=512231"}],"curies":[{"name":"wp","href":"https:\/\/api.w.org\/{rel}","templated":true}]}}