{"id":512219,"date":"2025-06-01T12:57:02","date_gmt":"2025-06-01T10:57:02","guid":{"rendered":"https:\/\/lucacastelli.com\/prodotto\/veste-en-duvet-stihl-icon\/"},"modified":"2025-06-01T12:57:02","modified_gmt":"2025-06-01T10:57:02","slug":"veste-en-duvet-stihl-icon","status":"publish","type":"product","link":"https:\/\/lucacastelli.com\/fr\/produit\/veste-en-duvet-stihl-icon\/","title":{"rendered":"Veste en duvet STIHL ICON"},"content":{"rendered":"<p>Parfaite pour les jours froids : la veste matelass\u00e9e rouge avec garniture en duvet. Avec sa doublure orange STIHL, elle attire l&#8217;attention dans toutes les garde-robes. Si vous partez en voyage, vous pouvez la ranger dans le sac fourni. Et m\u00eame lorsque vous la sortez du sac, la veste enti\u00e8rement matelass\u00e9e avec des poches zipp\u00e9es cach\u00e9es et l&#8217;embl\u00e8me &#8220;LEGENDARY PERFORMANCE&#8221; de STIHL sur le bras ne se froisse pas. Dans le sac fourni, la doudoune peut \u00eatre comprim\u00e9e dans un paquet de 25 cm \u00d7 11 cm (diam\u00e8tre).    <\/p>\n<p>Groupe cible Femme<\/p>\n<p>&nbsp;<\/p>\n","protected":false},"excerpt":{"rendered":"<p>Parfaite pour les jours froids : la veste matelass\u00e9e rouge avec garniture en duvet. Avec sa doublure orange STIHL, elle<\/p>\n","protected":false},"featured_media":440237,"template":"","meta":{"_seopress_robots_primary_cat":"none","_seopress_titles_title":"","_seopress_titles_desc":"","_seopress_robots_index":""},"product_brand":[3555],"product_cat":[81,981,1387],"product_tag":[3267],"class_list":{"0":"post-512219","1":"product","2":"type-product","3":"status-publish","4":"has-post-thumbnail","6":"product_brand-stihl-fr","7":"product_cat-vetements","8":"product_cat-vetements-de-loisirs","9":"product_cat-vetements-pour-femmes","10":"product_tag-import-stihl-fr","11":"sws-conto-ricavi-merci-rivendita-abbigliamento-fr","12":"sws-gruppo-iva-iva81-fr","14":"first","15":"instock","16":"sale","17":"shipping-taxable","18":"purchasable","19":"product-type-variable"},"_links":{"self":[{"href":"https:\/\/lucacastelli.com\/fr\/wp-json\/wp\/v2\/product\/512219","targetHints":{"allow":["GET"]}}],"collection":[{"href":"https:\/\/lucacastelli.com\/fr\/wp-json\/wp\/v2\/product"}],"about":[{"href":"https:\/\/lucacastelli.com\/fr\/wp-json\/wp\/v2\/types\/product"}],"wp:featuredmedia":[{"embeddable":true,"href":"https:\/\/lucacastelli.com\/fr\/wp-json\/wp\/v2\/media\/440237"}],"wp:attachment":[{"href":"https:\/\/lucacastelli.com\/fr\/wp-json\/wp\/v2\/media?parent=512219"}],"wp:term":[{"taxonomy":"product_brand","embeddable":true,"href":"https:\/\/lucacastelli.com\/fr\/wp-json\/wp\/v2\/product_brand?post=512219"},{"taxonomy":"product_cat","embeddable":true,"href":"https:\/\/lucacastelli.com\/fr\/wp-json\/wp\/v2\/product_cat?post=512219"},{"taxonomy":"product_tag","embeddable":true,"href":"https:\/\/lucacastelli.com\/fr\/wp-json\/wp\/v2\/product_tag?post=512219"}],"curies":[{"name":"wp","href":"https:\/\/api.w.org\/{rel}","templated":true}]}}