{"id":511672,"date":"2025-07-24T13:49:57","date_gmt":"2025-07-24T11:49:57","guid":{"rendered":"https:\/\/lucacastelli.com\/?post_type=product&#038;p=511672"},"modified":"2026-04-16T01:01:25","modified_gmt":"2026-04-15T23:01:25","slug":"tuyau-davertissement-pfanner-stretchzone-copia-copia","status":"publish","type":"product","link":"https:\/\/lucacastelli.com\/fr\/produit\/tuyau-davertissement-pfanner-stretchzone-copia-copia\/","title":{"rendered":"Pantalon de signalisation PFANNER Canvas EN 20471 jaune n\u00e9on"},"content":{"rendered":"<p>Le pantalon de signalisation StretchZone\u00ae EN 20471 est notre v\u00eatement polyvalent pour les activit\u00e9s les plus diverses, o\u00f9 il est essentiel de garantir une visibilit\u00e9 \u00e9lev\u00e9e sans renoncer au confort. Six poches fonctionnelles adapt\u00e9es \u00e0 tout usage. Renfort Gladiator\u00ae aux genoux avec ouverture velcro. La technologie StretchZone\u00ae garantit un ajustement parfait du pantalon. Le gousset \u00e9lastique \u00e0 l\u2019entrejambe et les fermetures multiples de la couture arri\u00e8re emp\u00eachent la d\u00e9chirure et l\u2019\u00e9tirement excessif des coutures.<br \/>\n-Couleur de signalisation certifi\u00e9e EN 20471 \/ Classe 2<br \/>\n-Technologie StretchZone\u00ae<br \/>\n-Renfort Gladiator\u00ae Cordura aux genoux<br \/>\n-Insert velcro pour genouill\u00e8res<br \/>\n-Six poches fonctionnelles, dont une poche sp\u00e9ciale pour m\u00e8tre \u00e0 trois sections<br \/>\n-\u00c9lasticit\u00e9 maximale dans la zone arri\u00e8re    <\/p>\n<p>Mat\u00e9riau :<br \/>\nMat\u00e9riau ext\u00e9rieur : 70 % polyester, 30 % coton<br \/>\nTissu extensible : 90 % polyamide, 10 % \u00e9lasthanne<br \/>\nTailles<br \/>\nLe pantalon haute visibilit\u00e9 StretchZone\u00ae est r\u00e9alis\u00e9 avec un syst\u00e8me de rallonge de +5 cm.<br \/>\nNormes<br \/>\nEN 20471 \/ Classe 2<\/p>\n","protected":false},"excerpt":{"rendered":"<p>Le pantalon de signalisation StretchZone\u00ae EN 20471 est notre v\u00eatement polyvalent pour les activit\u00e9s les plus diverses, o\u00f9 il est<\/p>\n","protected":false},"featured_media":511718,"template":"","meta":{"_seopress_robots_primary_cat":"none","_seopress_titles_title":"","_seopress_titles_desc":"","_seopress_robots_index":""},"product_brand":[3669],"product_cat":[81,1381],"product_tag":[],"class_list":{"0":"post-511672","1":"product","2":"type-product","3":"status-publish","4":"has-post-thumbnail","6":"product_brand-pfanner-fr","7":"product_cat-vetements","8":"product_cat-vetements-de-travail","9":"sws-gruppo-no-gruppo-fr","10":"sws-conto-ricavi-merci-rivendita-abbigliamento-fr","11":"sws-gruppo-iva-iva81-fr","13":"first","14":"instock","15":"shipping-taxable","16":"purchasable","17":"product-type-variable","18":"has-default-attributes"},"_links":{"self":[{"href":"https:\/\/lucacastelli.com\/fr\/wp-json\/wp\/v2\/product\/511672","targetHints":{"allow":["GET"]}}],"collection":[{"href":"https:\/\/lucacastelli.com\/fr\/wp-json\/wp\/v2\/product"}],"about":[{"href":"https:\/\/lucacastelli.com\/fr\/wp-json\/wp\/v2\/types\/product"}],"wp:featuredmedia":[{"embeddable":true,"href":"https:\/\/lucacastelli.com\/fr\/wp-json\/wp\/v2\/media\/511718"}],"wp:attachment":[{"href":"https:\/\/lucacastelli.com\/fr\/wp-json\/wp\/v2\/media?parent=511672"}],"wp:term":[{"taxonomy":"product_brand","embeddable":true,"href":"https:\/\/lucacastelli.com\/fr\/wp-json\/wp\/v2\/product_brand?post=511672"},{"taxonomy":"product_cat","embeddable":true,"href":"https:\/\/lucacastelli.com\/fr\/wp-json\/wp\/v2\/product_cat?post=511672"},{"taxonomy":"product_tag","embeddable":true,"href":"https:\/\/lucacastelli.com\/fr\/wp-json\/wp\/v2\/product_tag?post=511672"}],"curies":[{"name":"wp","href":"https:\/\/api.w.org\/{rel}","templated":true}]}}