{"id":511399,"date":"2025-07-24T13:38:38","date_gmt":"2025-07-24T11:38:38","guid":{"rendered":"https:\/\/lucacastelli.com\/?post_type=product&#038;p=511399"},"modified":"2026-04-16T00:55:16","modified_gmt":"2026-04-15T22:55:16","slug":"tuyau-davertissement-pfanner-stretchzone-copia","status":"publish","type":"product","link":"https:\/\/lucacastelli.com\/fr\/produit\/tuyau-davertissement-pfanner-stretchzone-copia\/","title":{"rendered":"PFANNER Canvas Pantalon haute visibilit\u00e9 EN 20471 rouge brillant"},"content":{"rendered":"<p>Le pantalon de signalisation StretchZone\u00ae EN 20471 est notre v\u00eatement polyvalent pour les activit\u00e9s les plus vari\u00e9es, o\u00f9 il est essentiel de garantir une haute visibilit\u00e9 sans renoncer au confort. Six poches fonctionnelles adapt\u00e9es \u00e0 tout usage. Renfort Gladiator\u00ae aux genoux avec ouverture velcro. La technologie StretchZone\u00ae garantit un ajustement parfait du pantalon. Le soufflet \u00e9lastique dans la zone de l&#8217;entrejambe et les fermetures multiples dans la couture arri\u00e8re emp\u00eachent la d\u00e9chirure et l&#8217;\u00e9tirement excessif des coutures.<br \/>\n-Couleur de signalisation certifi\u00e9e EN 20471 \/ Classe 2<br \/>\n-Technologie StretchZone\u00ae<br \/>\n-Renfort Gladiator\u00ae Cordura aux genoux<br \/>\n-Insert velcro pour genouill\u00e8res<br \/>\n-Six poches fonctionnelles, dont une poche sp\u00e9ciale pour m\u00e8tre \u00e0 trois sections<br \/>\n-\u00c9lasticit\u00e9 maximale dans la zone arri\u00e8re    <\/p>\n<p>Mat\u00e9riau :<br \/>\nMat\u00e9riau ext\u00e9rieur : 70 % polyester, 30 % coton<br \/>\nTissu extensible : 90 % polyamide, 10 % \u00e9lasthanne<br \/>\nTailles<br \/>\nLe pantalon haute visibilit\u00e9 StretchZone\u00ae est r\u00e9alis\u00e9 avec un syst\u00e8me d&#8217;allongement de +5 cm.<br \/>\nNormes<br \/>\nEN 20471 \/ Classe 2<\/p>\n","protected":false},"excerpt":{"rendered":"<p>Le pantalon de signalisation StretchZone\u00ae EN 20471 est notre v\u00eatement polyvalent pour les activit\u00e9s les plus vari\u00e9es, o\u00f9 il est<\/p>\n","protected":false},"featured_media":511473,"template":"","meta":{"_seopress_robots_primary_cat":"none","_seopress_titles_title":"","_seopress_titles_desc":"","_seopress_robots_index":""},"product_brand":[3669],"product_cat":[81,1381],"product_tag":[],"class_list":{"0":"post-511399","1":"product","2":"type-product","3":"status-publish","4":"has-post-thumbnail","6":"product_brand-pfanner-fr","7":"product_cat-vetements","8":"product_cat-vetements-de-travail","9":"sws-gruppo-no-gruppo-fr","10":"sws-conto-ricavi-merci-rivendita-abbigliamento-fr","11":"sws-gruppo-iva-iva81-fr","13":"first","14":"instock","15":"shipping-taxable","16":"purchasable","17":"product-type-variable","18":"has-default-attributes"},"_links":{"self":[{"href":"https:\/\/lucacastelli.com\/fr\/wp-json\/wp\/v2\/product\/511399","targetHints":{"allow":["GET"]}}],"collection":[{"href":"https:\/\/lucacastelli.com\/fr\/wp-json\/wp\/v2\/product"}],"about":[{"href":"https:\/\/lucacastelli.com\/fr\/wp-json\/wp\/v2\/types\/product"}],"wp:featuredmedia":[{"embeddable":true,"href":"https:\/\/lucacastelli.com\/fr\/wp-json\/wp\/v2\/media\/511473"}],"wp:attachment":[{"href":"https:\/\/lucacastelli.com\/fr\/wp-json\/wp\/v2\/media?parent=511399"}],"wp:term":[{"taxonomy":"product_brand","embeddable":true,"href":"https:\/\/lucacastelli.com\/fr\/wp-json\/wp\/v2\/product_brand?post=511399"},{"taxonomy":"product_cat","embeddable":true,"href":"https:\/\/lucacastelli.com\/fr\/wp-json\/wp\/v2\/product_cat?post=511399"},{"taxonomy":"product_tag","embeddable":true,"href":"https:\/\/lucacastelli.com\/fr\/wp-json\/wp\/v2\/product_tag?post=511399"}],"curies":[{"name":"wp","href":"https:\/\/api.w.org\/{rel}","templated":true}]}}