{"id":511342,"date":"2025-06-01T12:12:52","date_gmt":"2025-06-01T10:12:52","guid":{"rendered":"https:\/\/lucacastelli.com\/prodotto\/gants-de-travail-stihl-function-thermogrip\/"},"modified":"2025-07-27T01:43:30","modified_gmt":"2025-07-26T23:43:30","slug":"gants-de-travail-stihl-function-thermogrip","status":"publish","type":"product","link":"https:\/\/lucacastelli.com\/fr\/produit\/gants-de-travail-stihl-function-thermogrip\/","title":{"rendered":"Gants de travail STIHL FUNCTION ThermoGrip"},"content":{"rendered":"<p>Haut degr\u00e9 d&#8217;isolation, avec rev\u00eatement en latex dur, bonne adh\u00e9rence sur sol mouill\u00e9. Pour les travaux exigeants avec le bois, dans des conditions froides, humides et enneig\u00e9es. <\/p>\n<p>&nbsp;<\/p>\n","protected":false},"excerpt":{"rendered":"<p>Haut degr\u00e9 d&#8217;isolation, avec rev\u00eatement en latex dur, bonne adh\u00e9rence sur sol mouill\u00e9. Pour les travaux exigeants avec le bois,<\/p>\n","protected":false},"featured_media":439327,"template":"","meta":{"_seopress_robots_primary_cat":"none","_seopress_titles_title":"","_seopress_titles_desc":"","_seopress_robots_index":""},"product_brand":[3555],"product_cat":[81,1381],"product_tag":[3267],"class_list":{"0":"post-511342","1":"product","2":"type-product","3":"status-publish","4":"has-post-thumbnail","6":"product_brand-stihl-fr","7":"product_cat-vetements","8":"product_cat-vetements-de-travail","9":"product_tag-import-stihl-fr","10":"sws-conto-ricavi-merci-rivendita-abbigliamento-fr","11":"sws-gruppo-iva-iva81-fr","13":"first","14":"instock","15":"shipping-taxable","16":"purchasable","17":"product-type-variable"},"_links":{"self":[{"href":"https:\/\/lucacastelli.com\/fr\/wp-json\/wp\/v2\/product\/511342","targetHints":{"allow":["GET"]}}],"collection":[{"href":"https:\/\/lucacastelli.com\/fr\/wp-json\/wp\/v2\/product"}],"about":[{"href":"https:\/\/lucacastelli.com\/fr\/wp-json\/wp\/v2\/types\/product"}],"wp:featuredmedia":[{"embeddable":true,"href":"https:\/\/lucacastelli.com\/fr\/wp-json\/wp\/v2\/media\/439327"}],"wp:attachment":[{"href":"https:\/\/lucacastelli.com\/fr\/wp-json\/wp\/v2\/media?parent=511342"}],"wp:term":[{"taxonomy":"product_brand","embeddable":true,"href":"https:\/\/lucacastelli.com\/fr\/wp-json\/wp\/v2\/product_brand?post=511342"},{"taxonomy":"product_cat","embeddable":true,"href":"https:\/\/lucacastelli.com\/fr\/wp-json\/wp\/v2\/product_cat?post=511342"},{"taxonomy":"product_tag","embeddable":true,"href":"https:\/\/lucacastelli.com\/fr\/wp-json\/wp\/v2\/product_tag?post=511342"}],"curies":[{"name":"wp","href":"https:\/\/api.w.org\/{rel}","templated":true}]}}