{"id":511266,"date":"2025-06-01T11:07:43","date_gmt":"2025-06-01T09:07:43","guid":{"rendered":"https:\/\/lucacastelli.com\/prodotto\/veste-polaire-stihl-dynamic\/"},"modified":"2025-06-01T11:07:43","modified_gmt":"2025-06-01T09:07:43","slug":"veste-polaire-stihl-dynamic","status":"publish","type":"product","link":"https:\/\/lucacastelli.com\/fr\/produit\/veste-polaire-stihl-dynamic\/","title":{"rendered":"Veste polaire STIHL DYNAMIC"},"content":{"rendered":"<p>Veste en micro polaire douce et tr\u00e8s extensible. Signal orange et noir, 97% polyester, 3% \u00e9lasthanne, respirant, s\u00e8che rapidement, id\u00e9al comme couche interm\u00e9diaire, protection l\u00e9g\u00e8re contre les \u00e9pines et les abrasions, poches de poitrine zipp\u00e9es avec passe-pouce, motif Tron\u00e7onneuses r\u00e9fl\u00e9chissant. Avec certification de valeur d&#8217;usage KWF.  <\/p>\n","protected":false},"excerpt":{"rendered":"<p>Veste en micro polaire douce et tr\u00e8s extensible. Signal orange et noir, 97% polyester, 3% \u00e9lasthanne, respirant, s\u00e8che rapidement, id\u00e9al<\/p>\n","protected":false},"featured_media":439368,"template":"","meta":{"_seopress_robots_primary_cat":"none","_seopress_titles_title":"","_seopress_titles_desc":"","_seopress_robots_index":""},"product_brand":[3555],"product_cat":[81,1381],"product_tag":[3267],"class_list":{"0":"post-511266","1":"product","2":"type-product","3":"status-publish","4":"has-post-thumbnail","6":"product_brand-stihl-fr","7":"product_cat-vetements","8":"product_cat-vetements-de-travail","9":"product_tag-import-stihl-fr","11":"first","12":"instock","13":"sale","14":"shipping-taxable","15":"purchasable","16":"product-type-variable"},"_links":{"self":[{"href":"https:\/\/lucacastelli.com\/fr\/wp-json\/wp\/v2\/product\/511266","targetHints":{"allow":["GET"]}}],"collection":[{"href":"https:\/\/lucacastelli.com\/fr\/wp-json\/wp\/v2\/product"}],"about":[{"href":"https:\/\/lucacastelli.com\/fr\/wp-json\/wp\/v2\/types\/product"}],"wp:featuredmedia":[{"embeddable":true,"href":"https:\/\/lucacastelli.com\/fr\/wp-json\/wp\/v2\/media\/439368"}],"wp:attachment":[{"href":"https:\/\/lucacastelli.com\/fr\/wp-json\/wp\/v2\/media?parent=511266"}],"wp:term":[{"taxonomy":"product_brand","embeddable":true,"href":"https:\/\/lucacastelli.com\/fr\/wp-json\/wp\/v2\/product_brand?post=511266"},{"taxonomy":"product_cat","embeddable":true,"href":"https:\/\/lucacastelli.com\/fr\/wp-json\/wp\/v2\/product_cat?post=511266"},{"taxonomy":"product_tag","embeddable":true,"href":"https:\/\/lucacastelli.com\/fr\/wp-json\/wp\/v2\/product_tag?post=511266"}],"curies":[{"name":"wp","href":"https:\/\/api.w.org\/{rel}","templated":true}]}}