{"id":511229,"date":"2025-06-01T11:18:45","date_gmt":"2025-06-01T09:18:45","guid":{"rendered":"https:\/\/lucacastelli.com\/prodotto\/pantalon-de-pluie-stihl-raintec\/"},"modified":"2025-07-26T20:10:12","modified_gmt":"2025-07-26T18:10:12","slug":"pantalon-de-pluie-stihl-raintec","status":"publish","type":"product","link":"https:\/\/lucacastelli.com\/fr\/produit\/pantalon-de-pluie-stihl-raintec\/","title":{"rendered":"Pantalon de pluie STIHL RAINTEC"},"content":{"rendered":"<p>Mati\u00e8re ext\u00e9rieure PES fonctionnelle et respirante. Imperm\u00e9abilit\u00e9 parfaite, fermetures \u00e9clair \u00e9tanches. Zips de ventilation sur les cuisses. Longs zips lat\u00e9raux pour plus de confort. Ouvertures de ventilation sur les hanches pour l&#8217;acc\u00e8s au pantalon de travail. Protection \u00e9prouv\u00e9e contre les \u00e9pines dans Action Arctic dans les zones les plus expos\u00e9es. Poche pratique sur la cuisse.      <\/p>\n<p>&nbsp;<\/p>\n","protected":false},"excerpt":{"rendered":"<p>Mati\u00e8re ext\u00e9rieure PES fonctionnelle et respirante. Imperm\u00e9abilit\u00e9 parfaite, fermetures \u00e9clair \u00e9tanches. Zips de ventilation sur les cuisses. Longs zips lat\u00e9raux<\/p>\n","protected":false},"featured_media":453759,"template":"","meta":{"_seopress_robots_primary_cat":"none","_seopress_titles_title":"","_seopress_titles_desc":"","_seopress_robots_index":""},"product_brand":[3555],"product_cat":[81,1381],"product_tag":[3267],"class_list":{"0":"post-511229","1":"product","2":"type-product","3":"status-publish","4":"has-post-thumbnail","6":"product_brand-stihl-fr","7":"product_cat-vetements","8":"product_cat-vetements-de-travail","9":"product_tag-import-stihl-fr","10":"sws-conto-ricavi-merci-rivendita-abbigliamento-fr","11":"sws-gruppo-iva-iva81-fr","13":"first","14":"instock","15":"sale","16":"shipping-taxable","17":"purchasable","18":"product-type-variable"},"_links":{"self":[{"href":"https:\/\/lucacastelli.com\/fr\/wp-json\/wp\/v2\/product\/511229","targetHints":{"allow":["GET"]}}],"collection":[{"href":"https:\/\/lucacastelli.com\/fr\/wp-json\/wp\/v2\/product"}],"about":[{"href":"https:\/\/lucacastelli.com\/fr\/wp-json\/wp\/v2\/types\/product"}],"wp:featuredmedia":[{"embeddable":true,"href":"https:\/\/lucacastelli.com\/fr\/wp-json\/wp\/v2\/media\/453759"}],"wp:attachment":[{"href":"https:\/\/lucacastelli.com\/fr\/wp-json\/wp\/v2\/media?parent=511229"}],"wp:term":[{"taxonomy":"product_brand","embeddable":true,"href":"https:\/\/lucacastelli.com\/fr\/wp-json\/wp\/v2\/product_brand?post=511229"},{"taxonomy":"product_cat","embeddable":true,"href":"https:\/\/lucacastelli.com\/fr\/wp-json\/wp\/v2\/product_cat?post=511229"},{"taxonomy":"product_tag","embeddable":true,"href":"https:\/\/lucacastelli.com\/fr\/wp-json\/wp\/v2\/product_tag?post=511229"}],"curies":[{"name":"wp","href":"https:\/\/api.w.org\/{rel}","templated":true}]}}