{"id":510516,"date":"2025-07-24T09:07:03","date_gmt":"2025-07-24T07:07:03","guid":{"rendered":"https:\/\/lucacastelli.com\/?post_type=product&#038;p=510516"},"modified":"2026-04-16T01:19:35","modified_gmt":"2026-04-15T23:19:35","slug":"pfanner-globe-dexterieur-gris-copia-copia-2","status":"publish","type":"product","link":"https:\/\/lucacastelli.com\/fr\/produit\/pfanner-globe-dexterieur-gris-copia-copia-2\/","title":{"rendered":"Pantalon outdoor PFANNER Gladiator\u00ae rouge"},"content":{"rendered":"<p>Le pantalon outdoor Gladiator\u00ae convainc par son tissu ext\u00e9rieur Gladiator\u00ae r\u00e9sistant aux d\u00e9chirures, ce qui le rend id\u00e9al pour les conditions les plus extr\u00eames. Le mat\u00e9riau ext\u00e9rieur hydrofuge et anti-salissures est extr\u00eamement facile \u00e0 entretenir. La technologie StretchAIR\u00ae \u00e0 l\u2019arri\u00e8re garantit une libert\u00e9 de mouvement et un ajustement parfait. La doublure int\u00e9rieure en Cocona \u00e9vacue l\u2019humidit\u00e9 et est agr\u00e9able sur la peau. Les fermetures \u00e9clair de ventilation sur le tissu KlimaAIR\u00ae assurent une ventilation et une r\u00e9gulation thermique maximales \u00e0 l\u2019arri\u00e8re. De plus, ce pantalon est dot\u00e9 d\u2019une poche triple sp\u00e9ciale pour m\u00e8tre ruban et outils. La doublure Sympatex assure l\u2019imperm\u00e9abilit\u00e9 de la partie avant.<br \/>\n-Fermetures \u00e9clair de ventilation<br \/>\n-Tissu ext\u00e9rieur Gladiator\u00ae<br \/>\n-Technologie KlimaAIR\u00ae<br \/>\n-Technologie StretchAIR\u00ae<br \/>\n-Renforts en Kevlar aux genoux<br \/>\n-Poche avec genouill\u00e8res \u00e0 velcro<br \/>\n-Jambes amovibles<br \/>\n-Doublure Sympatex<br \/>\n-EN 20471 classe 2 (uniquement version en orange vif)<br \/>\n-Bande r\u00e9fl\u00e9chissante      <\/p>\n<p>Mat\u00e9riau<br \/>\nPartie avant : 100 % polyamide Cordura<br \/>\nTissu extensible : 92 % polyamide, 8 % \u00e9lasthanne<br \/>\nDoublure : 100 % polyester Cocona<br \/>\nNormes<br \/>\nEN 20471 \/ Classe 2 (uniquement version orange)<\/p>\n<p>&nbsp;<\/p>\n<p>&nbsp;<\/p>\n","protected":false},"excerpt":{"rendered":"<p>Le pantalon outdoor Gladiator\u00ae convainc par son tissu ext\u00e9rieur Gladiator\u00ae r\u00e9sistant aux d\u00e9chirures, ce qui le rend id\u00e9al pour les<\/p>\n","protected":false},"featured_media":510576,"template":"","meta":{"_seopress_robots_primary_cat":"none","_seopress_titles_title":"","_seopress_titles_desc":"","_seopress_robots_index":""},"product_brand":[3458],"product_cat":[21,284,189,190],"product_tag":[],"class_list":{"0":"post-510516","1":"product","2":"type-product","3":"status-publish","4":"has-post-thumbnail","6":"product_brand-pfanner","7":"product_cat-abbigliamento","8":"product_cat-abbigliamento-da-lavoro","9":"product_cat-abbigliamento-per-il-tempo-libero","10":"product_cat-abbigliamento-da-uomo","11":"sws-gruppo-no-gruppo-fr","12":"sws-conto-ricavi-merci-rivendita-abbigliamento-fr","13":"sws-gruppo-iva-iva81-fr","15":"first","16":"instock","17":"shipping-taxable","18":"purchasable","19":"product-type-variable","20":"has-default-attributes"},"_links":{"self":[{"href":"https:\/\/lucacastelli.com\/fr\/wp-json\/wp\/v2\/product\/510516","targetHints":{"allow":["GET"]}}],"collection":[{"href":"https:\/\/lucacastelli.com\/fr\/wp-json\/wp\/v2\/product"}],"about":[{"href":"https:\/\/lucacastelli.com\/fr\/wp-json\/wp\/v2\/types\/product"}],"wp:featuredmedia":[{"embeddable":true,"href":"https:\/\/lucacastelli.com\/fr\/wp-json\/wp\/v2\/media\/510576"}],"wp:attachment":[{"href":"https:\/\/lucacastelli.com\/fr\/wp-json\/wp\/v2\/media?parent=510516"}],"wp:term":[{"taxonomy":"product_brand","embeddable":true,"href":"https:\/\/lucacastelli.com\/fr\/wp-json\/wp\/v2\/product_brand?post=510516"},{"taxonomy":"product_cat","embeddable":true,"href":"https:\/\/lucacastelli.com\/fr\/wp-json\/wp\/v2\/product_cat?post=510516"},{"taxonomy":"product_tag","embeddable":true,"href":"https:\/\/lucacastelli.com\/fr\/wp-json\/wp\/v2\/product_tag?post=510516"}],"curies":[{"name":"wp","href":"https:\/\/api.w.org\/{rel}","templated":true}]}}