{"id":510077,"date":"2025-07-18T16:22:49","date_gmt":"2025-07-18T14:22:49","guid":{"rendered":"https:\/\/lucacastelli.com\/prodotto\/milwaukee-meches-courtes-a-metaux-hss-g-din-1897-paquet-de-5-et-10-pieces\/"},"modified":"2025-07-18T16:22:49","modified_gmt":"2025-07-18T14:22:49","slug":"milwaukee-meches-courtes-a-metaux-hss-g-din-1897-paquet-de-5-et-10-pieces","status":"publish","type":"product","link":"https:\/\/lucacastelli.com\/fr\/produit\/milwaukee-meches-courtes-a-metaux-hss-g-din-1897-paquet-de-5-et-10-pieces\/","title":{"rendered":"Milwaukee M\u00e8ches courtes \u00e0 m\u00e9taux HSS-G &#8211; DIN 1897 &#8211; paquet de 5 et 10 pi\u00e8ces"},"content":{"rendered":"<p>M\u00e8ches HSS rectifi\u00e9es, fabriqu\u00e9es selon la norme DIN 1897;G\u00e9om\u00e9trie des ar\u00eates de coupe : aff\u00fbtage fendu (auto-centrant) DIN 1412 C;Ar\u00eates de coupe tranchantes pour une pr\u00e9cision maximale des trous;Ar\u00eates de coupe avec angle de coupe de 135\u00b0;Application : convient pour les trous profonds. Convient pour le per\u00e7age dans l&#8217;acier, la fonte, les mat\u00e9riaux alli\u00e9s et non alli\u00e9s, l&#8217;acier inoxydable et une r\u00e9sistance \u00e0 la traction allant jusqu&#8217;\u00e0 900 N\/mm38. <\/p>\n","protected":false},"excerpt":{"rendered":"<p>M\u00e8ches HSS rectifi\u00e9es, fabriqu\u00e9es selon la norme DIN 1897;G\u00e9om\u00e9trie des ar\u00eates de coupe : aff\u00fbtage fendu (auto-centrant) DIN 1412 C;Ar\u00eates<\/p>\n","protected":false},"featured_media":491800,"template":"","meta":{"_seopress_robots_primary_cat":"","_seopress_titles_title":"","_seopress_titles_desc":"","_seopress_robots_index":""},"product_brand":[3407],"product_cat":[29,549,550],"product_tag":[3270],"class_list":{"0":"post-510077","1":"product","2":"type-product","3":"status-publish","4":"has-post-thumbnail","6":"product_brand-milwaukee","7":"product_cat-macchinari","8":"product_cat-trapani-e-avvitatori","9":"product_cat-accessori-per-trapani-ed-avvitatori","10":"product_tag-import-milwau","11":"sws-gruppo-macchinari-fr","12":"sws-conto-ricavi-merci-rivendita-macchinari-fr","13":"sws-gruppo-iva-iva81-fr","15":"first","16":"onbackorder","17":"sale","18":"shipping-taxable","19":"purchasable","20":"product-type-simple"},"_links":{"self":[{"href":"https:\/\/lucacastelli.com\/fr\/wp-json\/wp\/v2\/product\/510077","targetHints":{"allow":["GET"]}}],"collection":[{"href":"https:\/\/lucacastelli.com\/fr\/wp-json\/wp\/v2\/product"}],"about":[{"href":"https:\/\/lucacastelli.com\/fr\/wp-json\/wp\/v2\/types\/product"}],"wp:featuredmedia":[{"embeddable":true,"href":"https:\/\/lucacastelli.com\/fr\/wp-json\/wp\/v2\/media\/491800"}],"wp:attachment":[{"href":"https:\/\/lucacastelli.com\/fr\/wp-json\/wp\/v2\/media?parent=510077"}],"wp:term":[{"taxonomy":"product_brand","embeddable":true,"href":"https:\/\/lucacastelli.com\/fr\/wp-json\/wp\/v2\/product_brand?post=510077"},{"taxonomy":"product_cat","embeddable":true,"href":"https:\/\/lucacastelli.com\/fr\/wp-json\/wp\/v2\/product_cat?post=510077"},{"taxonomy":"product_tag","embeddable":true,"href":"https:\/\/lucacastelli.com\/fr\/wp-json\/wp\/v2\/product_tag?post=510077"}],"curies":[{"name":"wp","href":"https:\/\/api.w.org\/{rel}","templated":true}]}}